{"id":2257,"date":"2018-01-16T14:21:19","date_gmt":"2018-01-16T14:21:19","guid":{"rendered":"http:\/\/bjrlebouquet.com\/?page_id=2257"},"modified":"2018-01-16T14:21:56","modified_gmt":"2018-01-16T14:21:56","slug":"food","status":"publish","type":"page","link":"https:\/\/bjrlebouquet.com\/en\/food\/","title":{"rendered":"Food"},"content":{"rendered":"<p>[vc_row][vc_column]\n<section class=\"cf block news-block\" data-id=\"p-1\">\n\t\n\t\t\n\t<div class=\"block-content ts-row\">\n\t\t<div class=\"col-6 large cf\">\n\t\t\t\n\t\t\t\t\n\t\t\t<article class=\"grid-post post-2194 post type-post status-publish format-standard has-post-thumbnail category-michelinstern-en category-restaurants-en tag-michelin-star-en tag-photo-of-the-week-en tag-vendome-en tag-wissler-en\">\n\t\t\t\t\t\n\t\t\t\t<div class=\"post-header\">\n\t\t\t\t\t<div class=\"post-thumb\">\n\n\t\t\t\t\t\t<a href=\"https:\/\/bjrlebouquet.com\/en\/photo-of-the-week-3\/\" class=\"image-link media-ratio ratio-4-3\"><span data-bgsrc=\"https:\/\/bjrlebouquet.com\/wp-content\/uploads\/2017\/09\/Foto-09.09.17-13-11-04-1-1024x768.jpg\" class=\"img bg-cover wp-post-image attachment-large size-large lazyload\" role=\"img\" data-bgset=\"https:\/\/bjrlebouquet.com\/wp-content\/uploads\/2017\/09\/Foto-09.09.17-13-11-04-1-1024x768.jpg 1024w, https:\/\/bjrlebouquet.com\/wp-content\/uploads\/2017\/09\/Foto-09.09.17-13-11-04-1-300x225.jpg 300w, https:\/\/bjrlebouquet.com\/wp-content\/uploads\/2017\/09\/Foto-09.09.17-13-11-04-1-768x576.jpg 768w, https:\/\/bjrlebouquet.com\/wp-content\/uploads\/2017\/09\/Foto-09.09.17-13-11-04-1-400x300.jpg 400w\" data-sizes=\"(max-width: 370px) 100vw, 370px\" title=\"Photo of the Week #3\"><\/span><\/a>\t\t\t\t\t\t\n\t\t\t\t\t\t\t\t\n\t\t<span class=\"cat-label cf\"><a href=\"https:\/\/bjrlebouquet.com\/en\/category\/michelinstern-en\/\" class=\"category\" rel=\"category\">Michelin Stern<\/a><\/span>\n\t\t\n\t\t\t\t\t\t\t<\/div>\n\t\t\t\t\t\n\t\t\t\t\t\n\t\t\t\t\t<div class=\"meta-title\">\n\t\t\t\t\t\t<div class=\"post-meta post-meta-a post-meta-left post-meta-divider\"><h2 class=\"is-title post-title-alt\"><a href=\"https:\/\/bjrlebouquet.com\/en\/photo-of-the-week-3\/\">Photo of the Week #3<\/a><\/h2><\/div>\t\t\t\t\t<\/div>\n\t\t\t\t<\/div>\n\t\t\t\t\n\t\t\t\t<div class=\"post-content post-excerpt cf\">\n\t\t\t\t<p>I had this course at a ***-michelin star lunch at Restaurant Vend\u00f4me, Bensberg. Grand chef Joachim Wissler composed Carabinero and&hellip;<\/p>\n\t\t\t\t<\/div><!-- .post-content -->\n\t\n\t\t\t<\/article>\n\n\t\t\n\t\t\t\t\t\t\n\t\t<\/div>\n\n\n\t\t<div class=\"col-6 posts-list\">\n\t\t\n\t\t\t<div class=\"ts-row\">\n\t\t\t\n\t\t\t\n\t\t\t<\/div>\n\t\t<\/div>\n\t\n\t<\/div> <!-- .block-content -->\n\t\n<\/section>\n\t\n[\/vc_column][\/vc_row][vc_row][vc_column][vc_separator][\/vc_column][\/vc_row][vc_row][vc_column width=&#8221;1\/2&#8243; css=&#8221;.vc_custom_1515861038263{border-radius: 1px !important;}&#8221;][vc_column_text]<span style=\"color: #000000;\"><strong>BJRs Top 6 in D.<\/strong><\/span><\/p>\n<ol>\n<li><span style=\"color: #000000;\">Joachim Wissler im Restaurant Vendome ***<\/span><\/li>\n<li><span style=\"color: #000000;\">Victors Fine Dining by Christian Bau ***<\/span><\/li>\n<li><span style=\"color: #000000;\">S\u00f6l&#8217;ring Hof **<\/span><\/li>\n<li><span style=\"color: #000000;\"><a href=\"http:\/\/bjrlebouquet.com\/?p=868\">L`escalier *<\/a><\/span><\/li>\n<li><span style=\"color: #000000;\"><a href=\"http:\/\/bjrlebouquet.com\/?p=451\">Restaurant Schanz **<\/a><\/span><\/li>\n<li><span style=\"color: #000000;\"><a href=\"http:\/\/bjrlebouquet.com\/?p=589\">Restaurant Jacobs **<\/a><\/span><\/li>\n<\/ol>\n<p>[\/vc_column_text][\/vc_column][vc_column width=&#8221;1\/2&#8243;][vc_column_text]<strong><span style=\"color: #000000;\">BJRs Top 6 in the World.<\/span><\/strong><\/p>\n<ol>\n<li><span style=\"color: #000000;\">Le Meurice Alain Ducasse **, Paris<\/span><\/li>\n<li><span style=\"color: #000000;\">Monvinic, BCN<\/span><\/li>\n<li><span style=\"color: #000000;\">Lasarte ***, BCN<\/span><\/li>\n<li><span style=\"color: #000000;\">China Grill, Park Hyatt, Beijing<\/span><\/li>\n<li><span style=\"color: #000000;\">Tickets*, BCN<\/span><\/li>\n<li><span style=\"color: #000000;\">Racine*, Reims<\/span><\/li>\n<\/ol>\n<p>[\/vc_column_text][\/vc_column][\/vc_row][vc_row][vc_column][vc_separator][\/vc_column][\/vc_row][vc_row][vc_column][vc_raw_html]JTNDJTIxLS0lMjBCZWdpbiUyME1haWxDaGltcCUyMFNpZ251cCUyMEZvcm0lMjAtLSUzRSUwQSUzQ2xpbmslMjBocmVmJTNEJTIyJTJGJTJGY2RuLWltYWdlcy5tYWlsY2hpbXAuY29tJTJGZW1iZWRjb2RlJTJGY2xhc3NpYy0xMF83LmNzcyUyMiUyMHJlbCUzRCUyMnN0eWxlc2hlZXQlMjIlMjB0eXBlJTNEJTIydGV4dCUyRmNzcyUyMiUzRSUwQSUzQ3N0eWxlJTIwdHlwZSUzRCUyMnRleHQlMkZjc3MlMjIlM0UlMEElMDklMjNtY19lbWJlZF9zaWdudXAlN0JiYWNrZ3JvdW5kJTNBJTIzZmZmJTNCJTIwY2xlYXIlM0FsZWZ0JTNCJTIwZm9udCUzQTE0cHglMjBIZWx2ZXRpY2ElMkNBcmlhbCUyQ3NhbnMtc2VyaWYlM0IlMjAlN0QlMEElMDklMkYlMkElMjBBZGQlMjB5b3VyJTIwb3duJTIwTWFpbENoaW1wJTIwZm9ybSUyMHN0eWxlJTIwb3ZlcnJpZGVzJTIwaW4lMjB5b3VyJTIwc2l0ZSUyMHN0eWxlc2hlZXQlMjBvciUyMGluJTIwdGhpcyUyMHN0eWxlJTIwYmxvY2suJTBBJTA5JTIwJTIwJTIwV2UlMjByZWNvbW1lbmQlMjBtb3ZpbmclMjB0aGlzJTIwYmxvY2slMjBhbmQlMjB0aGUlMjBwcmVjZWRpbmclMjBDU1MlMjBsaW5rJTIwdG8lMjB0aGUlMjBIRUFEJTIwb2YlMjB5b3VyJTIwSFRNTCUyMGZpbGUuJTIwJTJBJTJGJTBBJTNDJTJGc3R5bGUlM0UlMEElM0NkaXYlMjBpZCUzRCUyMm1jX2VtYmVkX3NpZ251cCUyMiUzRSUwQSUzQ2Zvcm0lMjBhY3Rpb24lM0QlMjJodHRwcyUzQSUyRiUyRmJqcmxlYm91cXVldC51czE2Lmxpc3QtbWFuYWdlLmNvbSUyRnN1YnNjcmliZSUyRnBvc3QlM0Z1JTNEOTAzYjExNWUyNTUyNWYxNzk4NjQwNTU0MCUyNmFtcCUzQmlkJTNEYzYzNTYxYWI2OSUyMiUyMG1ldGhvZCUzRCUyMnBvc3QlMjIlMjBpZCUzRCUyMm1jLWVtYmVkZGVkLXN1YnNjcmliZS1mb3JtJTIyJTIwbmFtZSUzRCUyMm1jLWVtYmVkZGVkLXN1YnNjcmliZS1mb3JtJTIyJTIwY2xhc3MlM0QlMjJ2YWxpZGF0ZSUyMiUyMHRhcmdldCUzRCUyMl9ibGFuayUyMiUyMG5vdmFsaWRhdGUlM0UlMEElMjAlMjAlMjAlMjAlM0NkaXYlMjBpZCUzRCUyMm1jX2VtYmVkX3NpZ251cF9zY3JvbGwlMjIlM0UlMEElMDklM0NoMiUzRUpldHp0JTIwZiVDMyVCQ3IlMjBkZW4lMjBrb3N0ZW5mcmVpZW4lMjBCSlIlMjBMZSUyMEJvdXF1ZXQlMjBOZXdzbGV0dGVyJTIwYW5tZWxkZW4lM0MlMkZoMiUzRSUwQSUzQ2RpdiUyMGNsYXNzJTNEJTIyaW5kaWNhdGVzLXJlcXVpcmVkJTIyJTNFJTNDc3BhbiUyMGNsYXNzJTNEJTIyYXN0ZXJpc2slMjIlM0UlMkElM0MlMkZzcGFuJTNFJTIwQW5nYWJlJTIwZXJmb3JkZXJsaWNoJTNDJTJGZGl2JTNFJTBBJTNDZGl2JTIwY2xhc3MlM0QlMjJtYy1maWVsZC1ncm91cCUyMiUzRSUwQSUwOSUzQ2xhYmVsJTIwZm9yJTNEJTIybWNlLUVNQUlMJTIyJTNFRW1haWwlMjBBZHJlc3NlJTIwJTIwJTNDc3BhbiUyMGNsYXNzJTNEJTIyYXN0ZXJpc2slMjIlM0UlMkElM0MlMkZzcGFuJTNFJTBBJTNDJTJGbGFiZWwlM0UlMEElMDklM0NpbnB1dCUyMHR5cGUlM0QlMjJlbWFpbCUyMiUyMHZhbHVlJTNEJTIyJTIyJTIwbmFtZSUzRCUyMkVNQUlMJTIyJTIwY2xhc3MlM0QlMjJyZXF1aXJlZCUyMGVtYWlsJTIyJTIwaWQlM0QlMjJtY2UtRU1BSUwlMjIlM0UlMEElM0MlMkZkaXYlM0UlMEElM0NkaXYlMjBjbGFzcyUzRCUyMm1jLWZpZWxkLWdyb3VwJTIyJTNFJTBBJTA5JTNDbGFiZWwlMjBmb3IlM0QlMjJtY2UtRk5BTUUlMjIlM0VWb3JuYW1lJTIwJTNDJTJGbGFiZWwlM0UlMEElMDklM0NpbnB1dCUyMHR5cGUlM0QlMjJ0ZXh0JTIyJTIwdmFsdWUlM0QlMjIlMjIlMjBuYW1lJTNEJTIyRk5BTUUlMjIlMjBjbGFzcyUzRCUyMiUyMiUyMGlkJTNEJTIybWNlLUZOQU1FJTIyJTNFJTBBJTNDJTJGZGl2JTNFJTBBJTNDZGl2JTIwY2xhc3MlM0QlMjJtYy1maWVsZC1ncm91cCUyMiUzRSUwQSUwOSUzQ2xhYmVsJTIwZm9yJTNEJTIybWNlLUxOQU1FJTIyJTNFTmFjaG5hbWUlMjAlM0MlMkZsYWJlbCUzRSUwQSUwOSUzQ2lucHV0JTIwdHlwZSUzRCUyMnRleHQlMjIlMjB2YWx1ZSUzRCUyMiUyMiUyMG5hbWUlM0QlMjJMTkFNRSUyMiUyMGNsYXNzJTNEJTIyJTIyJTIwaWQlM0QlMjJtY2UtTE5BTUUlMjIlM0UlMEElM0MlMkZkaXYlM0UlMEElMDklM0NkaXYlMjBpZCUzRCUyMm1jZS1yZXNwb25zZXMlMjIlMjBjbGFzcyUzRCUyMmNsZWFyJTIyJTNFJTBBJTA5JTA5JTNDZGl2JTIwY2xhc3MlM0QlMjJyZXNwb25zZSUyMiUyMGlkJTNEJTIybWNlLWVycm9yLXJlc3BvbnNlJTIyJTIwc3R5bGUlM0QlMjJkaXNwbGF5JTNBbm9uZSUyMiUzRSUzQyUyRmRpdiUzRSUwQSUwOSUwOSUzQ2RpdiUyMGNsYXNzJTNEJTIycmVzcG9uc2UlMjIlMjBpZCUzRCUyMm1jZS1zdWNjZXNzLXJlc3BvbnNlJTIyJTIwc3R5bGUlM0QlMjJkaXNwbGF5JTNBbm9uZSUyMiUzRSUzQyUyRmRpdiUzRSUwQSUwOSUzQyUyRmRpdiUzRSUyMCUyMCUyMCUyMCUzQyUyMS0tJTIwcmVhbCUyMHBlb3BsZSUyMHNob3VsZCUyMG5vdCUyMGZpbGwlMjB0aGlzJTIwaW4lMjBhbmQlMjBleHBlY3QlMjBnb29kJTIwdGhpbmdzJTIwLSUyMGRvJTIwbm90JTIwcmVtb3ZlJTIwdGhpcyUyMG9yJTIwcmlzayUyMGZvcm0lMjBib3QlMjBzaWdudXBzLS0lM0UlMEElMjAlMjAlMjAlMjAlM0NkaXYlMjBzdHlsZSUzRCUyMnBvc2l0aW9uJTNBJTIwYWJzb2x1dGUlM0IlMjBsZWZ0JTNBJTIwLTUwMDBweCUzQiUyMiUyMGFyaWEtaGlkZGVuJTNEJTIydHJ1ZSUyMiUzRSUzQ2lucHV0JTIwdHlwZSUzRCUyMnRleHQlMjIlMjBuYW1lJTNEJTIyYl85MDNiMTE1ZTI1NTI1ZjE3OTg2NDA1NTQwX2M2MzU2MWFiNjklMjIlMjB0YWJpbmRleCUzRCUyMi0xJTIyJTIwdmFsdWUlM0QlMjIlMjIlM0UlM0MlMkZkaXYlM0UlMEElMjAlMjAlMjAlMjAlM0NkaXYlMjBjbGFzcyUzRCUyMmNsZWFyJTIyJTNFJTNDaW5wdXQlMjB0eXBlJTNEJTIyc3VibWl0JTIyJTIwdmFsdWUlM0QlMjJFaW50cmFnZW4lMjElMjIlMjBuYW1lJTNEJTIyc3Vic2NyaWJlJTIyJTIwaWQlM0QlMjJtYy1lbWJlZGRlZC1zdWJzY3JpYmUlMjIlMjBjbGFzcyUzRCUyMmJ1dHRvbiUyMiUzRSUzQyUyRmRpdiUzRSUwQSUyMCUyMCUyMCUyMCUzQyUyRmRpdiUzRSUwQSUzQyUyRmZvcm0lM0UlMEElM0MlMkZkaXYlM0UlMEElM0NzY3JpcHQlMjB0eXBlJTNEJTI3dGV4dCUyRmphdmFzY3JpcHQlMjclMjBzcmMlM0QlMjclMkYlMkZzMy5hbWF6b25hd3MuY29tJTJGZG93bmxvYWRzLm1haWxjaGltcC5jb20lMkZqcyUyRm1jLXZhbGlkYXRlLmpzJTI3JTNFJTNDJTJGc2NyaXB0JTNFJTNDc2NyaXB0JTIwdHlwZSUzRCUyN3RleHQlMkZqYXZhc2NyaXB0JTI3JTNFJTI4ZnVuY3Rpb24lMjglMjQlMjklMjAlN0J3aW5kb3cuZm5hbWVzJTIwJTNEJTIwbmV3JTIwQXJyYXklMjglMjklM0IlMjB3aW5kb3cuZnR5cGVzJTIwJTNEJTIwbmV3JTIwQXJyYXklMjglMjklM0JmbmFtZXMlNUIwJTVEJTNEJTI3RU1BSUwlMjclM0JmdHlwZXMlNUIwJTVEJTNEJTI3ZW1haWwlMjclM0JmbmFtZXMlNUIxJTVEJTNEJTI3Rk5BTUUlMjclM0JmdHlwZXMlNUIxJTVEJTNEJTI3dGV4dCUyNyUzQmZuYW1lcyU1QjIlNUQlM0QlMjdMTkFNRSUyNyUzQmZ0eXBlcyU1QjIlNUQlM0QlMjd0ZXh0JTI3JTNCZm5hbWVzJTVCMyU1RCUzRCUyN01NRVJHRTMlMjclM0JmdHlwZXMlNUIzJTVEJTNEJTI3dGV4dCUyNyUzQiU3RCUyOGpRdWVyeSUyOSUyOSUzQnZhciUyMCUyNG1jaiUyMCUzRCUyMGpRdWVyeS5ub0NvbmZsaWN0JTI4dHJ1ZSUyOSUzQiUzQyUyRnNjcmlwdCUzRSUwQSUzQyUyMS0tRW5kJTIwbWNfZW1iZWRfc2lnbnVwLS0lM0UlMjA=[\/vc_raw_html]\n\t<section class=\"cf block loop-grid\" data-id=\"p-2\">\n\t\n\t\t\n\t\t\t\t\t\n\t\t\t<div class=\"block-head block-head-b\">\n\t\t\t\t<h4 class=\"title\"><a href=\"https:\/\/bjrlebouquet.com\/en\/category\/restaurants-en\/\">Restaurants<\/a><\/h4>\n\t\t\t\t\n\t\t\t\t\t\t\t\n\t\t\t<\/div>\t\n\t\t\t\n\t\t\n\t\t\t\t\n\t\t\t\t\n\t\t<div class=\"block-content\">\n\t\t\n\t<div class=\"posts-dynamic posts-container ts-row grid count-0 has-grid-2 has-grid-eq\">\n\t\t\t\n\t\t\t\t\t\n\t\t\t\t\t\t\n\t\t\t\t\t\t\t\n\t\t\t\t\t\t\t\t\n\t\t\t\t<div class=\"posts-wrap\">\t\t\t\t\n\t\t\t\t\t\t\n\t\t\t\t\t\t\n\t\t\t\t\t\t\t\t\n\t\t\t\t\t<div class=\"column col-6\">\t\n\t\t\t\t\t\t\n<article id=\"post-2194\" class=\"grid-post post-2194 post type-post status-publish format-standard has-post-thumbnail category-michelinstern-en category-restaurants-en tag-michelin-star-en tag-photo-of-the-week-en tag-vendome-en tag-wissler-en no-excerpt grid-post-c2 grid-post-c\">\n\n\n\t<div class=\"post-thumb\">\n\t\t\n\t\t<a href=\"https:\/\/bjrlebouquet.com\/en\/photo-of-the-week-3\/\" class=\"image-link media-ratio ratio-4-3\"><span data-bgsrc=\"https:\/\/bjrlebouquet.com\/wp-content\/uploads\/2017\/09\/Foto-09.09.17-13-11-04-1-1024x768.jpg\" class=\"img bg-cover wp-post-image attachment-large size-large lazyload\" role=\"img\" data-bgset=\"https:\/\/bjrlebouquet.com\/wp-content\/uploads\/2017\/09\/Foto-09.09.17-13-11-04-1-1024x768.jpg 1024w, https:\/\/bjrlebouquet.com\/wp-content\/uploads\/2017\/09\/Foto-09.09.17-13-11-04-1-300x225.jpg 300w, https:\/\/bjrlebouquet.com\/wp-content\/uploads\/2017\/09\/Foto-09.09.17-13-11-04-1-768x576.jpg 768w, https:\/\/bjrlebouquet.com\/wp-content\/uploads\/2017\/09\/Foto-09.09.17-13-11-04-1-400x300.jpg 400w\" data-sizes=\"(max-width: 370px) 100vw, 370px\" title=\"Photo of the Week #3\"><\/span><\/a>\n\t\t\n\t\t\n\t\t\t\t\n\t\t<span class=\"cat-label cf\"><a href=\"https:\/\/bjrlebouquet.com\/en\/category\/michelinstern-en\/\" class=\"category\" rel=\"category\">Michelin Stern<\/a><\/span>\n\t\t\n\t\t\t\t\n\t<\/div>\n\t\t\n\t\t<div class=\"content-wrap\">\n\t\t\t<div class=\"meta-title\">\n\t\t\n\t\t\t<div class=\"post-meta post-meta-a post-meta-center post-meta-divider\"><h2 class=\"is-title post-title-alt\"><a href=\"https:\/\/bjrlebouquet.com\/en\/photo-of-the-week-3\/\">Photo of the Week #3<\/a><\/h2><\/div>\t\t\n\t\t<\/div>\n\n\t\t\t\t\n\t\t\t\t\t\n\t\t\t<a href=\"https:\/\/bjrlebouquet.com\/en\/photo-of-the-week-3\/\" class=\"read-more-link read-more-btn\">\n\t\t\t\tWeiterlesen\t\t\t<\/a>\n\n\t\t\n\t\t\n\t<\/div>\n\t\t\n<\/article>\n\t\t\t\t\t<\/div>\n\t\t\t\t\t\n\t\t\t\t\t\t\t\t\t\n\t\t\t\t\t\t\n\t\t\t\t\n\t\t<\/div>\n\t<\/div>\n\t\n\t\n\t\t\t<\/div>\n\t\n\t<\/section>\n\n[vc_separator][\/vc_column][\/vc_row][vc_row][vc_column][vc_wp_tagcloud title=&#8221; &#8221; taxonomy=&#8221;post_tag&#8221;][\/vc_column][\/vc_row]<\/p>\n","protected":false},"excerpt":{"rendered":"<p>[vc_row][vc_column][\/vc_column][\/vc_row][vc_row][vc_column][vc_separator][\/vc_column][\/vc_row][vc_row][vc_column width=&#8221;1\/2&#8243; css=&#8221;.vc_custom_1515861038263{border-radius: 1px !important;}&#8221;][vc_column_text]BJRs Top 6 in D. Joachim Wissler im Restaurant Vendome *** Victors Fine Dining by Christian Bau *** S\u00f6l&#8217;ring Hof ** L`escalier * Restaurant Schanz ** Restaurant Jacobs ** [\/vc_column_text][\/vc_column][vc_column width=&#8221;1\/2&#8243;][vc_column_text]BJRs Top 6 in the World. Le Meurice Alain Ducasse **, Paris Monvinic, BCN Lasarte ***, BCN China Grill, Park Hyatt, <\/p>\n","protected":false},"author":1,"featured_media":0,"parent":0,"menu_order":3,"comment_status":"closed","ping_status":"closed","template":"page-blocks.php","meta":{"footnotes":""},"class_list":["post-2257","page","type-page","status-publish"],"yoast_head":"<!-- This site is optimized with the Yoast SEO Premium plugin v16.6 (Yoast SEO v24.9) - https:\/\/yoast.com\/wordpress\/plugins\/seo\/ -->\n<title>Food by BJR Le Bouquet<\/title>\n<meta name=\"robots\" content=\"index, follow, max-snippet:-1, max-image-preview:large, max-video-preview:-1\" \/>\n<link rel=\"canonical\" href=\"https:\/\/bjrlebouquet.com\/en\/food\/\" \/>\n<meta property=\"og:locale\" content=\"en_US\" \/>\n<meta property=\"og:type\" content=\"article\" \/>\n<meta property=\"og:title\" content=\"Food\" \/>\n<meta property=\"og:description\" content=\"[vc_row][vc_column][\/vc_column][\/vc_row][vc_row][vc_column][vc_separator][\/vc_column][\/vc_row][vc_row][vc_column width=&#8221;1\/2&#8243; css=&#8221;.vc_custom_1515861038263{border-radius: 1px !important;}&#8221;][vc_column_text]BJRs Top 6 in D. Joachim Wissler im Restaurant Vendome *** Victors Fine Dining by Christian Bau *** S\u00f6l&#8217;ring Hof ** L`escalier * Restaurant Schanz ** Restaurant Jacobs ** [\/vc_column_text][\/vc_column][vc_column width=&#8221;1\/2&#8243;][vc_column_text]BJRs Top 6 in the World. Le Meurice Alain Ducasse **, Paris Monvinic, BCN Lasarte ***, BCN China Grill, Park Hyatt,\" \/>\n<meta property=\"og:url\" content=\"https:\/\/bjrlebouquet.com\/en\/food\/\" \/>\n<meta property=\"og:site_name\" content=\"BJR Le Bouquet\" \/>\n<meta property=\"article:publisher\" content=\"https:\/\/www.facebook.com\/bjrlebouquet\" \/>\n<meta property=\"article:modified_time\" content=\"2018-01-16T14:21:56+00:00\" \/>\n<meta name=\"twitter:card\" content=\"summary_large_image\" \/>\n<meta name=\"twitter:site\" content=\"@BjrLeBouquet\" \/>\n<meta name=\"twitter:label1\" content=\"Est. reading time\" \/>\n\t<meta name=\"twitter:data1\" content=\"3 minutes\" \/>\n<script type=\"application\/ld+json\" class=\"yoast-schema-graph\">{\"@context\":\"https:\/\/schema.org\",\"@graph\":[{\"@type\":\"WebPage\",\"@id\":\"https:\/\/bjrlebouquet.com\/en\/food\/\",\"url\":\"https:\/\/bjrlebouquet.com\/en\/food\/\",\"name\":\"Food by BJR Le Bouquet\",\"isPartOf\":{\"@id\":\"https:\/\/bjrlebouquet.com\/#website\"},\"datePublished\":\"2018-01-16T14:21:19+00:00\",\"dateModified\":\"2018-01-16T14:21:56+00:00\",\"breadcrumb\":{\"@id\":\"https:\/\/bjrlebouquet.com\/en\/food\/#breadcrumb\"},\"inLanguage\":\"en-US\",\"potentialAction\":[{\"@type\":\"ReadAction\",\"target\":[\"https:\/\/bjrlebouquet.com\/en\/food\/\"]}]},{\"@type\":\"BreadcrumbList\",\"@id\":\"https:\/\/bjrlebouquet.com\/en\/food\/#breadcrumb\",\"itemListElement\":[{\"@type\":\"ListItem\",\"position\":1,\"name\":\"Home\",\"item\":\"https:\/\/bjrlebouquet.com\/en\/\"},{\"@type\":\"ListItem\",\"position\":2,\"name\":\"Food\"}]},{\"@type\":\"WebSite\",\"@id\":\"https:\/\/bjrlebouquet.com\/#website\",\"url\":\"https:\/\/bjrlebouquet.com\/\",\"name\":\"BJR Le Bouquet\",\"description\":\"by Bj\u00f6rn Bittner\",\"publisher\":{\"@id\":\"https:\/\/bjrlebouquet.com\/#\/schema\/person\/04d0fe08a23624987b81e4628bf42d07\"},\"potentialAction\":[{\"@type\":\"SearchAction\",\"target\":{\"@type\":\"EntryPoint\",\"urlTemplate\":\"https:\/\/bjrlebouquet.com\/?s={search_term_string}\"},\"query-input\":{\"@type\":\"PropertyValueSpecification\",\"valueRequired\":true,\"valueName\":\"search_term_string\"}}],\"inLanguage\":\"en-US\"},{\"@type\":[\"Person\",\"Organization\"],\"@id\":\"https:\/\/bjrlebouquet.com\/#\/schema\/person\/04d0fe08a23624987b81e4628bf42d07\",\"name\":\"BJRLeBouquet\",\"image\":{\"@type\":\"ImageObject\",\"inLanguage\":\"en-US\",\"@id\":\"https:\/\/bjrlebouquet.com\/#\/schema\/person\/image\/\",\"url\":\"https:\/\/bjrlebouquet.com\/wp-content\/uploads\/2019\/11\/BJR_LOGO_MIT_KREIS-Beschnitt.png\",\"contentUrl\":\"https:\/\/bjrlebouquet.com\/wp-content\/uploads\/2019\/11\/BJR_LOGO_MIT_KREIS-Beschnitt.png\",\"width\":1990,\"height\":1990,\"caption\":\"BJRLeBouquet\"},\"logo\":{\"@id\":\"https:\/\/bjrlebouquet.com\/#\/schema\/person\/image\/\"},\"description\":\"Bj\u00f6rn Bittner ist der Gr\u00fcnder von BJR Le Bouquet. Im Magazin besch\u00e4ftigt er sich mit den Themen Premium-Kulinarik, Luxus und Lifestyle. Bon Vivant!\",\"sameAs\":[\"https:\/\/www.bjrlebouquet.com\",\"https:\/\/www.facebook.com\/bjrlebouquet\",\"https:\/\/www.instagram.com\/bjrlebouquet\",\"https:\/\/www.youtube.com\/user\/bjrlebouquet\"]}]}<\/script>\n<!-- \/ Yoast SEO Premium plugin. -->","yoast_head_json":{"title":"Food by BJR Le Bouquet","robots":{"index":"index","follow":"follow","max-snippet":"max-snippet:-1","max-image-preview":"max-image-preview:large","max-video-preview":"max-video-preview:-1"},"canonical":"https:\/\/bjrlebouquet.com\/en\/food\/","og_locale":"en_US","og_type":"article","og_title":"Food","og_description":"[vc_row][vc_column][\/vc_column][\/vc_row][vc_row][vc_column][vc_separator][\/vc_column][\/vc_row][vc_row][vc_column width=&#8221;1\/2&#8243; css=&#8221;.vc_custom_1515861038263{border-radius: 1px !important;}&#8221;][vc_column_text]BJRs Top 6 in D. Joachim Wissler im Restaurant Vendome *** Victors Fine Dining by Christian Bau *** S\u00f6l&#8217;ring Hof ** L`escalier * Restaurant Schanz ** Restaurant Jacobs ** [\/vc_column_text][\/vc_column][vc_column width=&#8221;1\/2&#8243;][vc_column_text]BJRs Top 6 in the World. Le Meurice Alain Ducasse **, Paris Monvinic, BCN Lasarte ***, BCN China Grill, Park Hyatt,","og_url":"https:\/\/bjrlebouquet.com\/en\/food\/","og_site_name":"BJR Le Bouquet","article_publisher":"https:\/\/www.facebook.com\/bjrlebouquet","article_modified_time":"2018-01-16T14:21:56+00:00","twitter_card":"summary_large_image","twitter_site":"@BjrLeBouquet","twitter_misc":{"Est. reading time":"3 minutes"},"schema":{"@context":"https:\/\/schema.org","@graph":[{"@type":"WebPage","@id":"https:\/\/bjrlebouquet.com\/en\/food\/","url":"https:\/\/bjrlebouquet.com\/en\/food\/","name":"Food by BJR Le Bouquet","isPartOf":{"@id":"https:\/\/bjrlebouquet.com\/#website"},"datePublished":"2018-01-16T14:21:19+00:00","dateModified":"2018-01-16T14:21:56+00:00","breadcrumb":{"@id":"https:\/\/bjrlebouquet.com\/en\/food\/#breadcrumb"},"inLanguage":"en-US","potentialAction":[{"@type":"ReadAction","target":["https:\/\/bjrlebouquet.com\/en\/food\/"]}]},{"@type":"BreadcrumbList","@id":"https:\/\/bjrlebouquet.com\/en\/food\/#breadcrumb","itemListElement":[{"@type":"ListItem","position":1,"name":"Home","item":"https:\/\/bjrlebouquet.com\/en\/"},{"@type":"ListItem","position":2,"name":"Food"}]},{"@type":"WebSite","@id":"https:\/\/bjrlebouquet.com\/#website","url":"https:\/\/bjrlebouquet.com\/","name":"BJR Le Bouquet","description":"by Bj\u00f6rn Bittner","publisher":{"@id":"https:\/\/bjrlebouquet.com\/#\/schema\/person\/04d0fe08a23624987b81e4628bf42d07"},"potentialAction":[{"@type":"SearchAction","target":{"@type":"EntryPoint","urlTemplate":"https:\/\/bjrlebouquet.com\/?s={search_term_string}"},"query-input":{"@type":"PropertyValueSpecification","valueRequired":true,"valueName":"search_term_string"}}],"inLanguage":"en-US"},{"@type":["Person","Organization"],"@id":"https:\/\/bjrlebouquet.com\/#\/schema\/person\/04d0fe08a23624987b81e4628bf42d07","name":"BJRLeBouquet","image":{"@type":"ImageObject","inLanguage":"en-US","@id":"https:\/\/bjrlebouquet.com\/#\/schema\/person\/image\/","url":"https:\/\/bjrlebouquet.com\/wp-content\/uploads\/2019\/11\/BJR_LOGO_MIT_KREIS-Beschnitt.png","contentUrl":"https:\/\/bjrlebouquet.com\/wp-content\/uploads\/2019\/11\/BJR_LOGO_MIT_KREIS-Beschnitt.png","width":1990,"height":1990,"caption":"BJRLeBouquet"},"logo":{"@id":"https:\/\/bjrlebouquet.com\/#\/schema\/person\/image\/"},"description":"Bj\u00f6rn Bittner ist der Gr\u00fcnder von BJR Le Bouquet. Im Magazin besch\u00e4ftigt er sich mit den Themen Premium-Kulinarik, Luxus und Lifestyle. Bon Vivant!","sameAs":["https:\/\/www.bjrlebouquet.com","https:\/\/www.facebook.com\/bjrlebouquet","https:\/\/www.instagram.com\/bjrlebouquet","https:\/\/www.youtube.com\/user\/bjrlebouquet"]}]}},"_links":{"self":[{"href":"https:\/\/bjrlebouquet.com\/en\/wp-json\/wp\/v2\/pages\/2257","targetHints":{"allow":["GET"]}}],"collection":[{"href":"https:\/\/bjrlebouquet.com\/en\/wp-json\/wp\/v2\/pages"}],"about":[{"href":"https:\/\/bjrlebouquet.com\/en\/wp-json\/wp\/v2\/types\/page"}],"author":[{"embeddable":true,"href":"https:\/\/bjrlebouquet.com\/en\/wp-json\/wp\/v2\/users\/1"}],"replies":[{"embeddable":true,"href":"https:\/\/bjrlebouquet.com\/en\/wp-json\/wp\/v2\/comments?post=2257"}],"version-history":[{"count":3,"href":"https:\/\/bjrlebouquet.com\/en\/wp-json\/wp\/v2\/pages\/2257\/revisions"}],"predecessor-version":[{"id":2262,"href":"https:\/\/bjrlebouquet.com\/en\/wp-json\/wp\/v2\/pages\/2257\/revisions\/2262"}],"wp:attachment":[{"href":"https:\/\/bjrlebouquet.com\/en\/wp-json\/wp\/v2\/media?parent=2257"}],"curies":[{"name":"wp","href":"https:\/\/api.w.org\/{rel}","templated":true}]}}