{"id":2248,"date":"2016-04-16T19:34:26","date_gmt":"2016-04-16T19:34:26","guid":{"rendered":"http:\/\/bjrlebouquet.com\/events\/"},"modified":"2018-01-17T09:22:02","modified_gmt":"2018-01-17T09:22:02","slug":"events","status":"publish","type":"page","link":"https:\/\/bjrlebouquet.com\/en\/events\/","title":{"rendered":"Events"},"content":{"rendered":"<p>[vc_row][vc_column][vc_column_text]<\/p>\n<section class=\"elementor-element elementor-element-wgeiz1p elementor-section-boxed elementor-section-height-default elementor-section-height-default elementor-section elementor-top-section\" data-id=\"wgeiz1p\" data-element_type=\"section\">\n<div class=\"elementor-container elementor-column-gap-default\">\n<div class=\"elementor-row\">\n<div class=\"elementor-element elementor-element-sjnbjg1 elementor-column elementor-col-100 elementor-top-column\" data-id=\"sjnbjg1\" data-element_type=\"column\">\n<div class=\"elementor-column-wrap elementor-element-populated\">\n<div class=\"elementor-widget-wrap\">\n<div class=\"elementor-element elementor-element-oodra8u elementor-widget elementor-widget-heading\" data-id=\"oodra8u\" data-element_type=\"heading.default\">\n<div class=\"elementor-widget-container\">\n<h2 class=\"elementor-heading-title elementor-size-default\"><span style=\"color: #000000;\">Upcoming Events:<\/span><\/h2>\n<\/div>\n<\/div>\n<div class=\"elementor-element elementor-element-hszqk6d elementor-widget elementor-widget-text-editor\" data-id=\"hszqk6d\" data-element_type=\"text-editor.default\">\n<div class=\"elementor-widget-container\">\n<div class=\"elementor-text-editor elementor-clearfix\">\n<p><span style=\"color: #000000;\"><strong>29.01.2018:\u00a0<\/strong>BJR &amp; Friends at Eiskeller Bar SOLD OUT<strong><br \/>\n03.02.2018<\/strong>: \u201e<em>Thai-Kitchen meets Riesling<\/em>\u201c at K\/84, Bonn<br \/>\n<em><strong>05.02.2018:<\/strong> VDP.GROSSE LAGE Tour, K\u00f6ln<\/em><\/span><br \/>\n<span style=\"color: #000000;\"><strong>02.03.2018:<\/strong>\u00a0BJR goes Michelin I<\/span><br \/>\n<span style=\"color: #000000;\"><strong>05.03.2018:<\/strong>\u00a0BJR &amp; Friends (Rocaille)<\/span><br \/>\n<span style=\"color: #000000;\"><strong>17.03.2018:<\/strong>\u00a0ProWein goes City: &#8220;Degustationsmen\u00fc in den Rheinterassen mit Mr. D\u00fcsseldorf und Stockheim&#8221;<\/span><br \/>\n<span style=\"color: #000000;\"><strong>18.03.-20.03.2017:<\/strong>\u00a0ProWein D\u00fcsseldorf<\/span><br \/>\n<span style=\"color: #000000;\"><strong>13.04.2018:<\/strong>\u00a0BJR &amp; Friends<\/span><br \/>\n<span style=\"color: #000000;\"><strong>17.04.-19.04.2018:<\/strong>\u00a0Chateau Mouton Rothschild Imperial-Tasting in Switzerland<\/span><br \/>\n<span style=\"color: #000000;\"><strong>16.06.2018:<\/strong>\u00a0BJR goes Michelin II\u00a0 (Maximilian Lorenz)<\/span><br \/>\n<span style=\"color: #000000;\"><strong>25.06.2018:<\/strong>\u00a0BJR &amp; Friends at Eiskeller\u00a0Bar<\/span><\/p>\n<\/div>\n<\/div>\n<\/div>\n<div class=\"elementor-element elementor-element-ee5b056 elementor-widget elementor-widget-heading\" data-id=\"ee5b056\" data-element_type=\"heading.default\">\n<div class=\"elementor-widget-container\">\n<span style=\"color: #000000; font-family: 'Open Sans', Arial, sans-serif; font-size: 25px; font-weight: bold; letter-spacing: -0.01em;\">Past Events:<\/span><\/h2>\n<\/div>\n<\/div>\n<div class=\"elementor-element elementor-element-80abfe7 elementor-widget elementor-widget-text-editor\" data-id=\"80abfe7\" data-element_type=\"text-editor.default\">\n<div class=\"elementor-widget-container\">\n<div class=\"elementor-text-editor elementor-clearfix\">\n<p><strong>11.11.2017:<\/strong>\u00a0\u201e<em>Party Imperiale<\/em>\u201c with Der Weinhandel B\u00fcrgerheim<br \/>\n<strong>12.11.2017:<\/strong>\u00a0\u201e<em>Charit\u00e9 Men\u00fc D\u00fcsseldorf 2017 f\u00fcr das Regenbogenland<\/em>\u201e<br \/>\n<strong>26.11.2017:<\/strong>\u00a0\u201e<em>Marieneck meets BJR Le Bouquet<\/em>\u201e<\/p>\n<\/div>\n<\/div>\n<\/div>\n<div class=\"elementor-element elementor-element-1049aac elementor-widget elementor-widget-text-editor\" data-id=\"1049aac\" data-element_type=\"text-editor.default\">\n<div class=\"elementor-widget-container\">\n<div class=\"elementor-text-editor elementor-clearfix\">\n<p><span style=\"color: #000000;\">Sign up for one of the upcoming events and don&#8217;t miss delicious wine-times! Just send a mail to<a style=\"color: #000000;\" href=\"mailto:events@bjrlebouquet.com\">events@bjrlebouquet.com!<\/a><\/span><\/p>\n<p><span style=\"color: #000000; font-family: 'Open Sans', Arial, sans-serif; font-size: 25px; font-weight: bold; letter-spacing: -0.01em;\">Your own event?<\/span><\/p>\n<div class=\"ts-row blocks cf wpb_row\">\n<div class=\"wpb_column vc_column_container vc_col-sm-12 col-12\">\n<div class=\"vc_column-inner \">\n<div class=\"wpb_wrapper\">\n<div class=\"wpb_text_column wpb_content_element post-content\">\n<div class=\"wpb_wrapper\">\n<div class=\"elementor-element elementor-element-81zm7aa elementor-widget elementor-widget-heading\" data-id=\"81zm7aa\" data-element_type=\"heading.default\">\n<div class=\"elementor-widget-container\">\n<div class=\"elementor-element elementor-element-grk4wlc elementor-widget elementor-widget-text-editor\" data-id=\"grk4wlc\" data-element_type=\"text-editor.default\">\n<div class=\"elementor-widget-container\">\n<div class=\"elementor-text-editor elementor-clearfix\">\n<p><span style=\"color: #000000;\">You own a\u00a0<strong>restaurant<\/strong>\u00a0and want to hold a wine-event?<\/span><br \/>\n<span style=\"color: #000000;\">You are\u00a0a<strong>winemaker<\/strong>,\u00a0which would love to present his wines within one of my events?<\/span><br \/>\n<span style=\"color: #000000;\">Any\u00a0kind of team-event with your company is coming up and you would like to have a winetasting?<\/span><br \/>\n<span style=\"color: #000000;\">Quality time with your beloved ones?<\/span><\/p>\n<p><span style=\"color: #000000;\">Then BJR Le Bouquet is your spot!<\/span><br \/>\n<span style=\"color: #000000;\">I set up a concept tailored on your requests and needs, will take care on purchasing and hosting your event to make it a raving success! You get the full service and thereby spot your focus on the good times!<\/span><\/p>\n<p><span style=\"color: #000000;\">If you are interested in a tailored event\u00a0<strong><a style=\"color: #000000;\" href=\"mailto:info@bjrlebouquet.com\">send a mail<\/a><\/strong>\u00a0and we will make it rain!<\/span><\/p>\n<\/div>\n<\/div>\n<\/div>\n<\/div>\n<\/div>\n<\/div>\n<\/div>\n<\/div>\n<\/div>\n<\/div>\n<\/div>\n<\/div>\n<\/div>\n<\/div>\n<\/div>\n<\/div>\n<\/div>\n<\/div>\n<\/div>\n<\/section>\n<p>[\/vc_column_text][\/vc_column][\/vc_row][vc_row][vc_column][vc_separator][\/vc_column][\/vc_row][vc_row][vc_column][vc_raw_html]JTNDJTIxLS0lMjBCZWdpbiUyME1haWxDaGltcCUyMFNpZ251cCUyMEZvcm0lMjAtLSUzRSUwQSUzQ2xpbmslMjBocmVmJTNEJTIyJTJGJTJGY2RuLWltYWdlcy5tYWlsY2hpbXAuY29tJTJGZW1iZWRjb2RlJTJGY2xhc3NpYy0xMF83LmNzcyUyMiUyMHJlbCUzRCUyMnN0eWxlc2hlZXQlMjIlMjB0eXBlJTNEJTIydGV4dCUyRmNzcyUyMiUzRSUwQSUzQ3N0eWxlJTIwdHlwZSUzRCUyMnRleHQlMkZjc3MlMjIlM0UlMEElMDklMjNtY19lbWJlZF9zaWdudXAlN0JiYWNrZ3JvdW5kJTNBJTIzZmZmJTNCJTIwY2xlYXIlM0FsZWZ0JTNCJTIwZm9udCUzQTE0cHglMjBIZWx2ZXRpY2ElMkNBcmlhbCUyQ3NhbnMtc2VyaWYlM0IlMjAlN0QlMEElMDklMkYlMkElMjBBZGQlMjB5b3VyJTIwb3duJTIwTWFpbENoaW1wJTIwZm9ybSUyMHN0eWxlJTIwb3ZlcnJpZGVzJTIwaW4lMjB5b3VyJTIwc2l0ZSUyMHN0eWxlc2hlZXQlMjBvciUyMGluJTIwdGhpcyUyMHN0eWxlJTIwYmxvY2suJTBBJTA5JTIwJTIwJTIwV2UlMjByZWNvbW1lbmQlMjBtb3ZpbmclMjB0aGlzJTIwYmxvY2slMjBhbmQlMjB0aGUlMjBwcmVjZWRpbmclMjBDU1MlMjBsaW5rJTIwdG8lMjB0aGUlMjBIRUFEJTIwb2YlMjB5b3VyJTIwSFRNTCUyMGZpbGUuJTIwJTJBJTJGJTBBJTNDJTJGc3R5bGUlM0UlMEElM0NkaXYlMjBpZCUzRCUyMm1jX2VtYmVkX3NpZ251cCUyMiUzRSUwQSUzQ2Zvcm0lMjBhY3Rpb24lM0QlMjJodHRwcyUzQSUyRiUyRmJqcmxlYm91cXVldC51czE2Lmxpc3QtbWFuYWdlLmNvbSUyRnN1YnNjcmliZSUyRnBvc3QlM0Z1JTNEOTAzYjExNWUyNTUyNWYxNzk4NjQwNTU0MCUyNmFtcCUzQmlkJTNEYzYzNTYxYWI2OSUyMiUyMG1ldGhvZCUzRCUyMnBvc3QlMjIlMjBpZCUzRCUyMm1jLWVtYmVkZGVkLXN1YnNjcmliZS1mb3JtJTIyJTIwbmFtZSUzRCUyMm1jLWVtYmVkZGVkLXN1YnNjcmliZS1mb3JtJTIyJTIwY2xhc3MlM0QlMjJ2YWxpZGF0ZSUyMiUyMHRhcmdldCUzRCUyMl9ibGFuayUyMiUyMG5vdmFsaWRhdGUlM0UlMEElMjAlMjAlMjAlMjAlM0NkaXYlMjBpZCUzRCUyMm1jX2VtYmVkX3NpZ251cF9zY3JvbGwlMjIlM0UlMEElMDklM0NoMiUzRUpldHp0JTIwZiVDMyVCQ3IlMjBkZW4lMjBrb3N0ZW5mcmVpZW4lMjBCSlIlMjBMZSUyMEJvdXF1ZXQlMjBOZXdzbGV0dGVyJTIwYW5tZWxkZW4lM0MlMkZoMiUzRSUwQSUzQ2RpdiUyMGNsYXNzJTNEJTIyaW5kaWNhdGVzLXJlcXVpcmVkJTIyJTNFJTNDc3BhbiUyMGNsYXNzJTNEJTIyYXN0ZXJpc2slMjIlM0UlMkElM0MlMkZzcGFuJTNFJTIwQW5nYWJlJTIwZXJmb3JkZXJsaWNoJTNDJTJGZGl2JTNFJTBBJTNDZGl2JTIwY2xhc3MlM0QlMjJtYy1maWVsZC1ncm91cCUyMiUzRSUwQSUwOSUzQ2xhYmVsJTIwZm9yJTNEJTIybWNlLUVNQUlMJTIyJTNFRW1haWwlMjBBZHJlc3NlJTIwJTIwJTNDc3BhbiUyMGNsYXNzJTNEJTIyYXN0ZXJpc2slMjIlM0UlMkElM0MlMkZzcGFuJTNFJTBBJTNDJTJGbGFiZWwlM0UlMEElMDklM0NpbnB1dCUyMHR5cGUlM0QlMjJlbWFpbCUyMiUyMHZhbHVlJTNEJTIyJTIyJTIwbmFtZSUzRCUyMkVNQUlMJTIyJTIwY2xhc3MlM0QlMjJyZXF1aXJlZCUyMGVtYWlsJTIyJTIwaWQlM0QlMjJtY2UtRU1BSUwlMjIlM0UlMEElM0MlMkZkaXYlM0UlMEElM0NkaXYlMjBjbGFzcyUzRCUyMm1jLWZpZWxkLWdyb3VwJTIyJTNFJTBBJTA5JTNDbGFiZWwlMjBmb3IlM0QlMjJtY2UtRk5BTUUlMjIlM0VWb3JuYW1lJTIwJTNDJTJGbGFiZWwlM0UlMEElMDklM0NpbnB1dCUyMHR5cGUlM0QlMjJ0ZXh0JTIyJTIwdmFsdWUlM0QlMjIlMjIlMjBuYW1lJTNEJTIyRk5BTUUlMjIlMjBjbGFzcyUzRCUyMiUyMiUyMGlkJTNEJTIybWNlLUZOQU1FJTIyJTNFJTBBJTNDJTJGZGl2JTNFJTBBJTNDZGl2JTIwY2xhc3MlM0QlMjJtYy1maWVsZC1ncm91cCUyMiUzRSUwQSUwOSUzQ2xhYmVsJTIwZm9yJTNEJTIybWNlLUxOQU1FJTIyJTNFTmFjaG5hbWUlMjAlM0MlMkZsYWJlbCUzRSUwQSUwOSUzQ2lucHV0JTIwdHlwZSUzRCUyMnRleHQlMjIlMjB2YWx1ZSUzRCUyMiUyMiUyMG5hbWUlM0QlMjJMTkFNRSUyMiUyMGNsYXNzJTNEJTIyJTIyJTIwaWQlM0QlMjJtY2UtTE5BTUUlMjIlM0UlMEElM0MlMkZkaXYlM0UlMEElMDklM0NkaXYlMjBpZCUzRCUyMm1jZS1yZXNwb25zZXMlMjIlMjBjbGFzcyUzRCUyMmNsZWFyJTIyJTNFJTBBJTA5JTA5JTNDZGl2JTIwY2xhc3MlM0QlMjJyZXNwb25zZSUyMiUyMGlkJTNEJTIybWNlLWVycm9yLXJlc3BvbnNlJTIyJTIwc3R5bGUlM0QlMjJkaXNwbGF5JTNBbm9uZSUyMiUzRSUzQyUyRmRpdiUzRSUwQSUwOSUwOSUzQ2RpdiUyMGNsYXNzJTNEJTIycmVzcG9uc2UlMjIlMjBpZCUzRCUyMm1jZS1zdWNjZXNzLXJlc3BvbnNlJTIyJTIwc3R5bGUlM0QlMjJkaXNwbGF5JTNBbm9uZSUyMiUzRSUzQyUyRmRpdiUzRSUwQSUwOSUzQyUyRmRpdiUzRSUyMCUyMCUyMCUyMCUzQyUyMS0tJTIwcmVhbCUyMHBlb3BsZSUyMHNob3VsZCUyMG5vdCUyMGZpbGwlMjB0aGlzJTIwaW4lMjBhbmQlMjBleHBlY3QlMjBnb29kJTIwdGhpbmdzJTIwLSUyMGRvJTIwbm90JTIwcmVtb3ZlJTIwdGhpcyUyMG9yJTIwcmlzayUyMGZvcm0lMjBib3QlMjBzaWdudXBzLS0lM0UlMEElMjAlMjAlMjAlMjAlM0NkaXYlMjBzdHlsZSUzRCUyMnBvc2l0aW9uJTNBJTIwYWJzb2x1dGUlM0IlMjBsZWZ0JTNBJTIwLTUwMDBweCUzQiUyMiUyMGFyaWEtaGlkZGVuJTNEJTIydHJ1ZSUyMiUzRSUzQ2lucHV0JTIwdHlwZSUzRCUyMnRleHQlMjIlMjBuYW1lJTNEJTIyYl85MDNiMTE1ZTI1NTI1ZjE3OTg2NDA1NTQwX2M2MzU2MWFiNjklMjIlMjB0YWJpbmRleCUzRCUyMi0xJTIyJTIwdmFsdWUlM0QlMjIlMjIlM0UlM0MlMkZkaXYlM0UlMEElMjAlMjAlMjAlMjAlM0NkaXYlMjBjbGFzcyUzRCUyMmNsZWFyJTIyJTNFJTNDaW5wdXQlMjB0eXBlJTNEJTIyc3VibWl0JTIyJTIwdmFsdWUlM0QlMjJFaW50cmFnZW4lMjElMjIlMjBuYW1lJTNEJTIyc3Vic2NyaWJlJTIyJTIwaWQlM0QlMjJtYy1lbWJlZGRlZC1zdWJzY3JpYmUlMjIlMjBjbGFzcyUzRCUyMmJ1dHRvbiUyMiUzRSUzQyUyRmRpdiUzRSUwQSUyMCUyMCUyMCUyMCUzQyUyRmRpdiUzRSUwQSUzQyUyRmZvcm0lM0UlMEElM0MlMkZkaXYlM0UlMEElM0NzY3JpcHQlMjB0eXBlJTNEJTI3dGV4dCUyRmphdmFzY3JpcHQlMjclMjBzcmMlM0QlMjclMkYlMkZzMy5hbWF6b25hd3MuY29tJTJGZG93bmxvYWRzLm1haWxjaGltcC5jb20lMkZqcyUyRm1jLXZhbGlkYXRlLmpzJTI3JTNFJTNDJTJGc2NyaXB0JTNFJTNDc2NyaXB0JTIwdHlwZSUzRCUyN3RleHQlMkZqYXZhc2NyaXB0JTI3JTNFJTI4ZnVuY3Rpb24lMjglMjQlMjklMjAlN0J3aW5kb3cuZm5hbWVzJTIwJTNEJTIwbmV3JTIwQXJyYXklMjglMjklM0IlMjB3aW5kb3cuZnR5cGVzJTIwJTNEJTIwbmV3JTIwQXJyYXklMjglMjklM0JmbmFtZXMlNUIwJTVEJTNEJTI3RU1BSUwlMjclM0JmdHlwZXMlNUIwJTVEJTNEJTI3ZW1haWwlMjclM0JmbmFtZXMlNUIxJTVEJTNEJTI3Rk5BTUUlMjclM0JmdHlwZXMlNUIxJTVEJTNEJTI3dGV4dCUyNyUzQmZuYW1lcyU1QjIlNUQlM0QlMjdMTkFNRSUyNyUzQmZ0eXBlcyU1QjIlNUQlM0QlMjd0ZXh0JTI3JTNCZm5hbWVzJTVCMyU1RCUzRCUyN01NRVJHRTMlMjclM0JmdHlwZXMlNUIzJTVEJTNEJTI3dGV4dCUyNyUzQiU3RCUyOGpRdWVyeSUyOSUyOSUzQnZhciUyMCUyNG1jaiUyMCUzRCUyMGpRdWVyeS5ub0NvbmZsaWN0JTI4dHJ1ZSUyOSUzQiUzQyUyRnNjcmlwdCUzRSUwQSUzQyUyMS0tRW5kJTIwbWNfZW1iZWRfc2lnbnVwLS0lM0U=[\/vc_raw_html][\/vc_column][\/vc_row][vc_row][vc_column][vc_separator][\/vc_column][\/vc_row]<\/p>\n","protected":false},"excerpt":{"rendered":"<p>[vc_row][vc_column][vc_column_text] Upcoming Events: 29.01.2018:\u00a0BJR &amp; Friends at Eiskeller Bar SOLD OUT 03.02.2018: \u201eThai-Kitchen meets Riesling\u201c at K\/84, Bonn 05.02.2018: VDP.GROSSE LAGE Tour, K\u00f6ln 02.03.2018:\u00a0BJR goes Michelin I 05.03.2018:\u00a0BJR &amp; Friends (Rocaille) 17.03.2018:\u00a0ProWein goes City: &#8220;Degustationsmen\u00fc in den Rheinterassen mit Mr. D\u00fcsseldorf und Stockheim&#8221; 18.03.-20.03.2017:\u00a0ProWein D\u00fcsseldorf 13.04.2018:\u00a0BJR &amp; Friends 17.04.-19.04.2018:\u00a0Chateau Mouton Rothschild Imperial-Tasting in Switzerland 16.06.2018:\u00a0BJR <\/p>\n","protected":false},"author":1,"featured_media":0,"parent":0,"menu_order":4,"comment_status":"closed","ping_status":"closed","template":"page-blocks.php","meta":{"footnotes":""},"class_list":["post-2248","page","type-page","status-publish"],"yoast_head":"<!-- This site is optimized with the Yoast SEO Premium plugin v16.6 (Yoast SEO v24.9) - https:\/\/yoast.com\/wordpress\/plugins\/seo\/ -->\n<title>Events by BJR Le Bouquet<\/title>\n<meta name=\"robots\" content=\"index, follow, max-snippet:-1, max-image-preview:large, max-video-preview:-1\" \/>\n<link rel=\"canonical\" href=\"https:\/\/bjrlebouquet.com\/en\/events\/\" \/>\n<meta property=\"og:locale\" content=\"en_US\" \/>\n<meta property=\"og:type\" content=\"article\" \/>\n<meta property=\"og:title\" content=\"Events\" \/>\n<meta property=\"og:description\" content=\"[vc_row][vc_column][vc_column_text] Upcoming Events: 29.01.2018:\u00a0BJR &amp; Friends at Eiskeller Bar SOLD OUT 03.02.2018: \u201eThai-Kitchen meets Riesling\u201c at K\/84, Bonn 05.02.2018: VDP.GROSSE LAGE Tour, K\u00f6ln 02.03.2018:\u00a0BJR goes Michelin I 05.03.2018:\u00a0BJR &amp; Friends (Rocaille) 17.03.2018:\u00a0ProWein goes City: &#8220;Degustationsmen\u00fc in den Rheinterassen mit Mr. D\u00fcsseldorf und Stockheim&#8221; 18.03.-20.03.2017:\u00a0ProWein D\u00fcsseldorf 13.04.2018:\u00a0BJR &amp; Friends 17.04.-19.04.2018:\u00a0Chateau Mouton Rothschild Imperial-Tasting in Switzerland 16.06.2018:\u00a0BJR\" \/>\n<meta property=\"og:url\" content=\"https:\/\/bjrlebouquet.com\/en\/events\/\" \/>\n<meta property=\"og:site_name\" content=\"BJR Le Bouquet\" \/>\n<meta property=\"article:publisher\" content=\"https:\/\/www.facebook.com\/bjrlebouquet\" \/>\n<meta property=\"article:modified_time\" content=\"2018-01-17T09:22:02+00:00\" \/>\n<meta name=\"twitter:card\" content=\"summary_large_image\" \/>\n<meta name=\"twitter:site\" content=\"@BjrLeBouquet\" \/>\n<meta name=\"twitter:label1\" content=\"Est. reading time\" \/>\n\t<meta name=\"twitter:data1\" content=\"3 minutes\" \/>\n<script type=\"application\/ld+json\" class=\"yoast-schema-graph\">{\"@context\":\"https:\/\/schema.org\",\"@graph\":[{\"@type\":\"WebPage\",\"@id\":\"https:\/\/bjrlebouquet.com\/en\/events\/\",\"url\":\"https:\/\/bjrlebouquet.com\/en\/events\/\",\"name\":\"Events by BJR Le Bouquet\",\"isPartOf\":{\"@id\":\"https:\/\/bjrlebouquet.com\/#website\"},\"datePublished\":\"2016-04-16T19:34:26+00:00\",\"dateModified\":\"2018-01-17T09:22:02+00:00\",\"breadcrumb\":{\"@id\":\"https:\/\/bjrlebouquet.com\/en\/events\/#breadcrumb\"},\"inLanguage\":\"en-US\",\"potentialAction\":[{\"@type\":\"ReadAction\",\"target\":[\"https:\/\/bjrlebouquet.com\/en\/events\/\"]}]},{\"@type\":\"BreadcrumbList\",\"@id\":\"https:\/\/bjrlebouquet.com\/en\/events\/#breadcrumb\",\"itemListElement\":[{\"@type\":\"ListItem\",\"position\":1,\"name\":\"Home\",\"item\":\"https:\/\/bjrlebouquet.com\/en\/\"},{\"@type\":\"ListItem\",\"position\":2,\"name\":\"Events\"}]},{\"@type\":\"WebSite\",\"@id\":\"https:\/\/bjrlebouquet.com\/#website\",\"url\":\"https:\/\/bjrlebouquet.com\/\",\"name\":\"BJR Le Bouquet\",\"description\":\"by Bj\u00f6rn Bittner\",\"publisher\":{\"@id\":\"https:\/\/bjrlebouquet.com\/#\/schema\/person\/04d0fe08a23624987b81e4628bf42d07\"},\"potentialAction\":[{\"@type\":\"SearchAction\",\"target\":{\"@type\":\"EntryPoint\",\"urlTemplate\":\"https:\/\/bjrlebouquet.com\/?s={search_term_string}\"},\"query-input\":{\"@type\":\"PropertyValueSpecification\",\"valueRequired\":true,\"valueName\":\"search_term_string\"}}],\"inLanguage\":\"en-US\"},{\"@type\":[\"Person\",\"Organization\"],\"@id\":\"https:\/\/bjrlebouquet.com\/#\/schema\/person\/04d0fe08a23624987b81e4628bf42d07\",\"name\":\"BJRLeBouquet\",\"image\":{\"@type\":\"ImageObject\",\"inLanguage\":\"en-US\",\"@id\":\"https:\/\/bjrlebouquet.com\/#\/schema\/person\/image\/\",\"url\":\"https:\/\/bjrlebouquet.com\/wp-content\/uploads\/2019\/11\/BJR_LOGO_MIT_KREIS-Beschnitt.png\",\"contentUrl\":\"https:\/\/bjrlebouquet.com\/wp-content\/uploads\/2019\/11\/BJR_LOGO_MIT_KREIS-Beschnitt.png\",\"width\":1990,\"height\":1990,\"caption\":\"BJRLeBouquet\"},\"logo\":{\"@id\":\"https:\/\/bjrlebouquet.com\/#\/schema\/person\/image\/\"},\"description\":\"Bj\u00f6rn Bittner ist der Gr\u00fcnder von BJR Le Bouquet. Im Magazin besch\u00e4ftigt er sich mit den Themen Premium-Kulinarik, Luxus und Lifestyle. Bon Vivant!\",\"sameAs\":[\"https:\/\/www.bjrlebouquet.com\",\"https:\/\/www.facebook.com\/bjrlebouquet\",\"https:\/\/www.instagram.com\/bjrlebouquet\",\"https:\/\/www.youtube.com\/user\/bjrlebouquet\"]}]}<\/script>\n<!-- \/ Yoast SEO Premium plugin. -->","yoast_head_json":{"title":"Events by BJR Le Bouquet","robots":{"index":"index","follow":"follow","max-snippet":"max-snippet:-1","max-image-preview":"max-image-preview:large","max-video-preview":"max-video-preview:-1"},"canonical":"https:\/\/bjrlebouquet.com\/en\/events\/","og_locale":"en_US","og_type":"article","og_title":"Events","og_description":"[vc_row][vc_column][vc_column_text] Upcoming Events: 29.01.2018:\u00a0BJR &amp; Friends at Eiskeller Bar SOLD OUT 03.02.2018: \u201eThai-Kitchen meets Riesling\u201c at K\/84, Bonn 05.02.2018: VDP.GROSSE LAGE Tour, K\u00f6ln 02.03.2018:\u00a0BJR goes Michelin I 05.03.2018:\u00a0BJR &amp; Friends (Rocaille) 17.03.2018:\u00a0ProWein goes City: &#8220;Degustationsmen\u00fc in den Rheinterassen mit Mr. D\u00fcsseldorf und Stockheim&#8221; 18.03.-20.03.2017:\u00a0ProWein D\u00fcsseldorf 13.04.2018:\u00a0BJR &amp; Friends 17.04.-19.04.2018:\u00a0Chateau Mouton Rothschild Imperial-Tasting in Switzerland 16.06.2018:\u00a0BJR","og_url":"https:\/\/bjrlebouquet.com\/en\/events\/","og_site_name":"BJR Le Bouquet","article_publisher":"https:\/\/www.facebook.com\/bjrlebouquet","article_modified_time":"2018-01-17T09:22:02+00:00","twitter_card":"summary_large_image","twitter_site":"@BjrLeBouquet","twitter_misc":{"Est. reading time":"3 minutes"},"schema":{"@context":"https:\/\/schema.org","@graph":[{"@type":"WebPage","@id":"https:\/\/bjrlebouquet.com\/en\/events\/","url":"https:\/\/bjrlebouquet.com\/en\/events\/","name":"Events by BJR Le Bouquet","isPartOf":{"@id":"https:\/\/bjrlebouquet.com\/#website"},"datePublished":"2016-04-16T19:34:26+00:00","dateModified":"2018-01-17T09:22:02+00:00","breadcrumb":{"@id":"https:\/\/bjrlebouquet.com\/en\/events\/#breadcrumb"},"inLanguage":"en-US","potentialAction":[{"@type":"ReadAction","target":["https:\/\/bjrlebouquet.com\/en\/events\/"]}]},{"@type":"BreadcrumbList","@id":"https:\/\/bjrlebouquet.com\/en\/events\/#breadcrumb","itemListElement":[{"@type":"ListItem","position":1,"name":"Home","item":"https:\/\/bjrlebouquet.com\/en\/"},{"@type":"ListItem","position":2,"name":"Events"}]},{"@type":"WebSite","@id":"https:\/\/bjrlebouquet.com\/#website","url":"https:\/\/bjrlebouquet.com\/","name":"BJR Le Bouquet","description":"by Bj\u00f6rn Bittner","publisher":{"@id":"https:\/\/bjrlebouquet.com\/#\/schema\/person\/04d0fe08a23624987b81e4628bf42d07"},"potentialAction":[{"@type":"SearchAction","target":{"@type":"EntryPoint","urlTemplate":"https:\/\/bjrlebouquet.com\/?s={search_term_string}"},"query-input":{"@type":"PropertyValueSpecification","valueRequired":true,"valueName":"search_term_string"}}],"inLanguage":"en-US"},{"@type":["Person","Organization"],"@id":"https:\/\/bjrlebouquet.com\/#\/schema\/person\/04d0fe08a23624987b81e4628bf42d07","name":"BJRLeBouquet","image":{"@type":"ImageObject","inLanguage":"en-US","@id":"https:\/\/bjrlebouquet.com\/#\/schema\/person\/image\/","url":"https:\/\/bjrlebouquet.com\/wp-content\/uploads\/2019\/11\/BJR_LOGO_MIT_KREIS-Beschnitt.png","contentUrl":"https:\/\/bjrlebouquet.com\/wp-content\/uploads\/2019\/11\/BJR_LOGO_MIT_KREIS-Beschnitt.png","width":1990,"height":1990,"caption":"BJRLeBouquet"},"logo":{"@id":"https:\/\/bjrlebouquet.com\/#\/schema\/person\/image\/"},"description":"Bj\u00f6rn Bittner ist der Gr\u00fcnder von BJR Le Bouquet. Im Magazin besch\u00e4ftigt er sich mit den Themen Premium-Kulinarik, Luxus und Lifestyle. Bon Vivant!","sameAs":["https:\/\/www.bjrlebouquet.com","https:\/\/www.facebook.com\/bjrlebouquet","https:\/\/www.instagram.com\/bjrlebouquet","https:\/\/www.youtube.com\/user\/bjrlebouquet"]}]}},"_links":{"self":[{"href":"https:\/\/bjrlebouquet.com\/en\/wp-json\/wp\/v2\/pages\/2248","targetHints":{"allow":["GET"]}}],"collection":[{"href":"https:\/\/bjrlebouquet.com\/en\/wp-json\/wp\/v2\/pages"}],"about":[{"href":"https:\/\/bjrlebouquet.com\/en\/wp-json\/wp\/v2\/types\/page"}],"author":[{"embeddable":true,"href":"https:\/\/bjrlebouquet.com\/en\/wp-json\/wp\/v2\/users\/1"}],"replies":[{"embeddable":true,"href":"https:\/\/bjrlebouquet.com\/en\/wp-json\/wp\/v2\/comments?post=2248"}],"version-history":[{"count":8,"href":"https:\/\/bjrlebouquet.com\/en\/wp-json\/wp\/v2\/pages\/2248\/revisions"}],"predecessor-version":[{"id":2279,"href":"https:\/\/bjrlebouquet.com\/en\/wp-json\/wp\/v2\/pages\/2248\/revisions\/2279"}],"wp:attachment":[{"href":"https:\/\/bjrlebouquet.com\/en\/wp-json\/wp\/v2\/media?parent=2248"}],"curies":[{"name":"wp","href":"https:\/\/api.w.org\/{rel}","templated":true}]}}