{"id":2239,"date":"2016-04-16T19:34:01","date_gmt":"2016-04-16T19:34:01","guid":{"rendered":"http:\/\/bjrlebouquet.com\/weinkeller\/"},"modified":"2018-01-17T09:41:39","modified_gmt":"2018-01-17T09:41:39","slug":"winecellar","status":"publish","type":"page","link":"https:\/\/bjrlebouquet.com\/en\/winecellar\/","title":{"rendered":"Winecellar"},"content":{"rendered":"<p>[vc_row][vc_column]\n<section class=\"cf block news-block\" data-id=\"p-1\">\n\t\n\t\n\t\t\t\t\t\n\t\t\t<div class=\"block-head block-head-b\">\n\t\t\t\t<h4 class=\"title\"><a href=\"https:\/\/bjrlebouquet.com\/en\/category\/wein-en\/\">Wein<\/a><\/h4>\n\t\t\t\t\n\t\t\t\t\t\t\t\n\t\t\t<\/div>\t\n\t\t\t\n\t\t\n\t\t\t\t\n\t\t\t\n\t<div class=\"block-content ts-row\">\n\t\t<div class=\"col-6 large cf\">\n\t\t\t\n\t\t\t\t\n\t\t\t<article class=\"grid-post post-4005 post type-post status-publish format-standard has-post-thumbnail category-blog-en category-wein-en tag-italy\">\n\t\t\t\t\t\n\t\t\t\t<div class=\"post-header\">\n\t\t\t\t\t<div class=\"post-thumb\">\n\n\t\t\t\t\t\t<a href=\"https:\/\/bjrlebouquet.com\/en\/ornellaia-a-rapid-rise\/\" class=\"image-link media-ratio ratio-4-3\"><span data-bgsrc=\"https:\/\/bjrlebouquet.com\/wp-content\/uploads\/2019\/01\/Ornellaia-3-1024x768.jpeg\" class=\"img bg-cover wp-post-image attachment-large size-large lazyload\" role=\"img\" data-bgset=\"https:\/\/bjrlebouquet.com\/wp-content\/uploads\/2019\/01\/Ornellaia-3-1024x768.jpeg 1024w, https:\/\/bjrlebouquet.com\/wp-content\/uploads\/2019\/01\/Ornellaia-3-300x225.jpeg 300w, https:\/\/bjrlebouquet.com\/wp-content\/uploads\/2019\/01\/Ornellaia-3-768x576.jpeg 768w, https:\/\/bjrlebouquet.com\/wp-content\/uploads\/2019\/01\/Ornellaia-3-e1547051771960.jpeg 1000w\" data-sizes=\"(max-width: 370px) 100vw, 370px\" aria-label=\"Ornellaia Weingut Winery Bolgheri Castagneto Carducci Toskana Tuscany Bj\u00f6rn Bittner Weinkeller Keller Cellar F\u00e4sser\"><\/span><\/a>\t\t\t\t\t\t\n\t\t\t\t\t\t\t\t\n\t\t<span class=\"cat-label cf\"><a href=\"https:\/\/bjrlebouquet.com\/en\/category\/blog-en\/\" class=\"category\" rel=\"category\">Blog<\/a><\/span>\n\t\t\n\t\t\t\t\t\t\t<\/div>\n\t\t\t\t\t\n\t\t\t\t\t\n\t\t\t\t\t<div class=\"meta-title\">\n\t\t\t\t\t\t<div class=\"post-meta post-meta-a post-meta-left post-meta-divider\"><h2 class=\"is-title post-title-alt\"><a href=\"https:\/\/bjrlebouquet.com\/en\/ornellaia-a-rapid-rise\/\">Ornellaia &#8211; a rapid rise<\/a><\/h2><\/div>\t\t\t\t\t<\/div>\n\t\t\t\t<\/div>\n\t\t\t\t\n\t\t\t\t<div class=\"post-content post-excerpt cf\">\n\t\t\t\t<p>German version: Here! I had imagined the winery Ornellaia differently. When I thought of Tenuta dell &#8216;Ornellaia before my visit,&hellip;<\/p>\n\t\t\t\t<\/div><!-- .post-content -->\n\t\n\t\t\t<\/article>\n\n\t\t\n\t\t\t\t\t\t\n\t\t<\/div>\n\n\n\t\t<div class=\"col-6 posts-list\">\n\t\t\n\t\t\t<div class=\"ts-row\">\n\t\t\t\n\t\t\t\t\n\t\t\t\t<article class=\"col-6 small-post cf\">\n\t\t\t\t\t<a href=\"https:\/\/bjrlebouquet.com\/en\/wset-level-4-diploma-in-wines-2\/\" class=\"image-link media-ratio ratio-4-3\"><span data-bgsrc=\"https:\/\/bjrlebouquet.com\/wp-content\/uploads\/2019\/01\/IMG_20181206_115048-01-1024x768.jpg\" class=\"img bg-cover wp-post-image attachment-large size-large lazyload\" role=\"img\" data-bgset=\"https:\/\/bjrlebouquet.com\/wp-content\/uploads\/2019\/01\/IMG_20181206_115048-01-1024x768.jpg 1024w, https:\/\/bjrlebouquet.com\/wp-content\/uploads\/2019\/01\/IMG_20181206_115048-01-300x225.jpg 300w, https:\/\/bjrlebouquet.com\/wp-content\/uploads\/2019\/01\/IMG_20181206_115048-01-768x576.jpg 768w, https:\/\/bjrlebouquet.com\/wp-content\/uploads\/2019\/01\/IMG_20181206_115048-01.jpg 2000w\" data-sizes=\"(max-width: 170px) 100vw, 170px\" aria-label=\"BJR Bj\u00f6rn Bittner Champagne Deutz WSET Reims Epernay Ay Gucci\"><\/span><\/a>\t\t\t\t\t\n\t\t\t\t\t<div class=\"content\">\n\t\t\t\t\t\t\n\t\t\t\t\t\t<a href=\"https:\/\/bjrlebouquet.com\/en\/wset-level-4-diploma-in-wines-2\/\" class=\"post-title\">WSET Level 4: Diploma in Wines<\/a>\n\t\t\t\t\t\t\n\t\t\t\t\t\t<div class=\"post-meta post-meta-a post-meta-left has-below\"><div class=\"below meta-below\"><a href=\"https:\/\/bjrlebouquet.com\/en\/wset-level-4-diploma-in-wines-2\/\" class=\"meta-item date-link\">\n\t\t\t\t\t\t<time class=\"post-date\" datetime=\"2019-01-06T17:18:55+00:00\">January 6, 2019<\/time>\n\t\t\t\t\t<\/a><\/div><\/div> \n\t\t\t\t\t\t\n\t\t\t\t\t<\/div>\n\t\t\t\t<\/article>\n\t\t\t\n\t\t\t\t\n\t\t\t\t<article class=\"col-6 small-post cf\">\n\t\t\t\t\t<a href=\"https:\/\/bjrlebouquet.com\/en\/famille-hugel-alsace-winemaker-portrait\/\" class=\"image-link media-ratio ratio-4-3\"><span data-bgsrc=\"https:\/\/bjrlebouquet.com\/wp-content\/uploads\/2018\/01\/Foto-19.07.17-10-29-06-1-1024x768.jpg\" class=\"img bg-cover wp-post-image attachment-large size-large lazyload\" role=\"img\" data-bgset=\"https:\/\/bjrlebouquet.com\/wp-content\/uploads\/2018\/01\/Foto-19.07.17-10-29-06-1-1024x768.jpg 1024w, https:\/\/bjrlebouquet.com\/wp-content\/uploads\/2018\/01\/Foto-19.07.17-10-29-06-1-300x225.jpg 300w, https:\/\/bjrlebouquet.com\/wp-content\/uploads\/2018\/01\/Foto-19.07.17-10-29-06-1-768x576.jpg 768w, https:\/\/bjrlebouquet.com\/wp-content\/uploads\/2018\/01\/Foto-19.07.17-10-29-06-1-e1516289897294.jpg 1000w\" data-sizes=\"(max-width: 170px) 100vw, 170px\" aria-label=\"Famille Hugel Grand Cru Lage Schoelhammer\"><\/span><\/a>\t\t\t\t\t\n\t\t\t\t\t<div class=\"content\">\n\t\t\t\t\t\t\n\t\t\t\t\t\t<a href=\"https:\/\/bjrlebouquet.com\/en\/famille-hugel-alsace-winemaker-portrait\/\" class=\"post-title\">Famille Hugel, Alsace &#8211; Winemaker Portrait<\/a>\n\t\t\t\t\t\t\n\t\t\t\t\t\t<div class=\"post-meta post-meta-a post-meta-left has-below\"><div class=\"below meta-below\"><a href=\"https:\/\/bjrlebouquet.com\/en\/famille-hugel-alsace-winemaker-portrait\/\" class=\"meta-item date-link\">\n\t\t\t\t\t\t<time class=\"post-date\" datetime=\"2018-01-18T15:48:32+00:00\">January 18, 2018<\/time>\n\t\t\t\t\t<\/a><\/div><\/div> \n\t\t\t\t\t\t\n\t\t\t\t\t<\/div>\n\t\t\t\t<\/article>\n\t\t\t\n\t\t\t\n\t\t\t<\/div>\n\t\t<\/div>\n\t\n\t<\/div> <!-- .block-content -->\n\t\n<\/section>\n\t\n[\/vc_column][\/vc_row]<\/p>\n","protected":false},"excerpt":{"rendered":"<p>[vc_row][vc_column][\/vc_column][\/vc_row]<\/p>\n","protected":false},"author":1,"featured_media":0,"parent":0,"menu_order":2,"comment_status":"closed","ping_status":"closed","template":"page-blocks.php","meta":{"footnotes":""},"class_list":["post-2239","page","type-page","status-publish"],"yoast_head":"<!-- This site is optimized with the Yoast SEO Premium plugin v16.6 (Yoast SEO v24.9) - https:\/\/yoast.com\/wordpress\/plugins\/seo\/ -->\n<title>Winecellar - BJR Le Bouquet<\/title>\n<meta name=\"robots\" content=\"index, follow, max-snippet:-1, max-image-preview:large, max-video-preview:-1\" \/>\n<link rel=\"canonical\" href=\"https:\/\/bjrlebouquet.com\/en\/winecellar\/\" \/>\n<meta property=\"og:locale\" content=\"en_US\" \/>\n<meta property=\"og:type\" content=\"article\" \/>\n<meta property=\"og:title\" content=\"Winecellar\" \/>\n<meta property=\"og:description\" content=\"[vc_row][vc_column][\/vc_column][\/vc_row]\" \/>\n<meta property=\"og:url\" content=\"https:\/\/bjrlebouquet.com\/en\/winecellar\/\" \/>\n<meta property=\"og:site_name\" content=\"BJR Le Bouquet\" \/>\n<meta property=\"article:publisher\" content=\"https:\/\/www.facebook.com\/bjrlebouquet\" \/>\n<meta property=\"article:modified_time\" content=\"2018-01-17T09:41:39+00:00\" \/>\n<meta name=\"twitter:card\" content=\"summary_large_image\" \/>\n<meta name=\"twitter:site\" content=\"@BjrLeBouquet\" \/>\n<script type=\"application\/ld+json\" class=\"yoast-schema-graph\">{\"@context\":\"https:\/\/schema.org\",\"@graph\":[{\"@type\":\"WebPage\",\"@id\":\"https:\/\/bjrlebouquet.com\/en\/winecellar\/\",\"url\":\"https:\/\/bjrlebouquet.com\/en\/winecellar\/\",\"name\":\"Winecellar - BJR Le Bouquet\",\"isPartOf\":{\"@id\":\"https:\/\/bjrlebouquet.com\/#website\"},\"datePublished\":\"2016-04-16T19:34:01+00:00\",\"dateModified\":\"2018-01-17T09:41:39+00:00\",\"breadcrumb\":{\"@id\":\"https:\/\/bjrlebouquet.com\/en\/winecellar\/#breadcrumb\"},\"inLanguage\":\"en-US\",\"potentialAction\":[{\"@type\":\"ReadAction\",\"target\":[\"https:\/\/bjrlebouquet.com\/en\/winecellar\/\"]}]},{\"@type\":\"BreadcrumbList\",\"@id\":\"https:\/\/bjrlebouquet.com\/en\/winecellar\/#breadcrumb\",\"itemListElement\":[{\"@type\":\"ListItem\",\"position\":1,\"name\":\"Home\",\"item\":\"https:\/\/bjrlebouquet.com\/en\/\"},{\"@type\":\"ListItem\",\"position\":2,\"name\":\"Winecellar\"}]},{\"@type\":\"WebSite\",\"@id\":\"https:\/\/bjrlebouquet.com\/#website\",\"url\":\"https:\/\/bjrlebouquet.com\/\",\"name\":\"BJR Le Bouquet\",\"description\":\"by Bj\u00f6rn Bittner\",\"publisher\":{\"@id\":\"https:\/\/bjrlebouquet.com\/#\/schema\/person\/04d0fe08a23624987b81e4628bf42d07\"},\"potentialAction\":[{\"@type\":\"SearchAction\",\"target\":{\"@type\":\"EntryPoint\",\"urlTemplate\":\"https:\/\/bjrlebouquet.com\/?s={search_term_string}\"},\"query-input\":{\"@type\":\"PropertyValueSpecification\",\"valueRequired\":true,\"valueName\":\"search_term_string\"}}],\"inLanguage\":\"en-US\"},{\"@type\":[\"Person\",\"Organization\"],\"@id\":\"https:\/\/bjrlebouquet.com\/#\/schema\/person\/04d0fe08a23624987b81e4628bf42d07\",\"name\":\"BJRLeBouquet\",\"image\":{\"@type\":\"ImageObject\",\"inLanguage\":\"en-US\",\"@id\":\"https:\/\/bjrlebouquet.com\/#\/schema\/person\/image\/\",\"url\":\"https:\/\/bjrlebouquet.com\/wp-content\/uploads\/2019\/11\/BJR_LOGO_MIT_KREIS-Beschnitt.png\",\"contentUrl\":\"https:\/\/bjrlebouquet.com\/wp-content\/uploads\/2019\/11\/BJR_LOGO_MIT_KREIS-Beschnitt.png\",\"width\":1990,\"height\":1990,\"caption\":\"BJRLeBouquet\"},\"logo\":{\"@id\":\"https:\/\/bjrlebouquet.com\/#\/schema\/person\/image\/\"},\"description\":\"Bj\u00f6rn Bittner ist der Gr\u00fcnder von BJR Le Bouquet. Im Magazin besch\u00e4ftigt er sich mit den Themen Premium-Kulinarik, Luxus und Lifestyle. Bon Vivant!\",\"sameAs\":[\"https:\/\/www.bjrlebouquet.com\",\"https:\/\/www.facebook.com\/bjrlebouquet\",\"https:\/\/www.instagram.com\/bjrlebouquet\",\"https:\/\/www.youtube.com\/user\/bjrlebouquet\"]}]}<\/script>\n<!-- \/ Yoast SEO Premium plugin. -->","yoast_head_json":{"title":"Winecellar - BJR Le Bouquet","robots":{"index":"index","follow":"follow","max-snippet":"max-snippet:-1","max-image-preview":"max-image-preview:large","max-video-preview":"max-video-preview:-1"},"canonical":"https:\/\/bjrlebouquet.com\/en\/winecellar\/","og_locale":"en_US","og_type":"article","og_title":"Winecellar","og_description":"[vc_row][vc_column][\/vc_column][\/vc_row]","og_url":"https:\/\/bjrlebouquet.com\/en\/winecellar\/","og_site_name":"BJR Le Bouquet","article_publisher":"https:\/\/www.facebook.com\/bjrlebouquet","article_modified_time":"2018-01-17T09:41:39+00:00","twitter_card":"summary_large_image","twitter_site":"@BjrLeBouquet","schema":{"@context":"https:\/\/schema.org","@graph":[{"@type":"WebPage","@id":"https:\/\/bjrlebouquet.com\/en\/winecellar\/","url":"https:\/\/bjrlebouquet.com\/en\/winecellar\/","name":"Winecellar - BJR Le Bouquet","isPartOf":{"@id":"https:\/\/bjrlebouquet.com\/#website"},"datePublished":"2016-04-16T19:34:01+00:00","dateModified":"2018-01-17T09:41:39+00:00","breadcrumb":{"@id":"https:\/\/bjrlebouquet.com\/en\/winecellar\/#breadcrumb"},"inLanguage":"en-US","potentialAction":[{"@type":"ReadAction","target":["https:\/\/bjrlebouquet.com\/en\/winecellar\/"]}]},{"@type":"BreadcrumbList","@id":"https:\/\/bjrlebouquet.com\/en\/winecellar\/#breadcrumb","itemListElement":[{"@type":"ListItem","position":1,"name":"Home","item":"https:\/\/bjrlebouquet.com\/en\/"},{"@type":"ListItem","position":2,"name":"Winecellar"}]},{"@type":"WebSite","@id":"https:\/\/bjrlebouquet.com\/#website","url":"https:\/\/bjrlebouquet.com\/","name":"BJR Le Bouquet","description":"by Bj\u00f6rn Bittner","publisher":{"@id":"https:\/\/bjrlebouquet.com\/#\/schema\/person\/04d0fe08a23624987b81e4628bf42d07"},"potentialAction":[{"@type":"SearchAction","target":{"@type":"EntryPoint","urlTemplate":"https:\/\/bjrlebouquet.com\/?s={search_term_string}"},"query-input":{"@type":"PropertyValueSpecification","valueRequired":true,"valueName":"search_term_string"}}],"inLanguage":"en-US"},{"@type":["Person","Organization"],"@id":"https:\/\/bjrlebouquet.com\/#\/schema\/person\/04d0fe08a23624987b81e4628bf42d07","name":"BJRLeBouquet","image":{"@type":"ImageObject","inLanguage":"en-US","@id":"https:\/\/bjrlebouquet.com\/#\/schema\/person\/image\/","url":"https:\/\/bjrlebouquet.com\/wp-content\/uploads\/2019\/11\/BJR_LOGO_MIT_KREIS-Beschnitt.png","contentUrl":"https:\/\/bjrlebouquet.com\/wp-content\/uploads\/2019\/11\/BJR_LOGO_MIT_KREIS-Beschnitt.png","width":1990,"height":1990,"caption":"BJRLeBouquet"},"logo":{"@id":"https:\/\/bjrlebouquet.com\/#\/schema\/person\/image\/"},"description":"Bj\u00f6rn Bittner ist der Gr\u00fcnder von BJR Le Bouquet. Im Magazin besch\u00e4ftigt er sich mit den Themen Premium-Kulinarik, Luxus und Lifestyle. Bon Vivant!","sameAs":["https:\/\/www.bjrlebouquet.com","https:\/\/www.facebook.com\/bjrlebouquet","https:\/\/www.instagram.com\/bjrlebouquet","https:\/\/www.youtube.com\/user\/bjrlebouquet"]}]}},"_links":{"self":[{"href":"https:\/\/bjrlebouquet.com\/en\/wp-json\/wp\/v2\/pages\/2239","targetHints":{"allow":["GET"]}}],"collection":[{"href":"https:\/\/bjrlebouquet.com\/en\/wp-json\/wp\/v2\/pages"}],"about":[{"href":"https:\/\/bjrlebouquet.com\/en\/wp-json\/wp\/v2\/types\/page"}],"author":[{"embeddable":true,"href":"https:\/\/bjrlebouquet.com\/en\/wp-json\/wp\/v2\/users\/1"}],"replies":[{"embeddable":true,"href":"https:\/\/bjrlebouquet.com\/en\/wp-json\/wp\/v2\/comments?post=2239"}],"version-history":[{"count":10,"href":"https:\/\/bjrlebouquet.com\/en\/wp-json\/wp\/v2\/pages\/2239\/revisions"}],"predecessor-version":[{"id":2284,"href":"https:\/\/bjrlebouquet.com\/en\/wp-json\/wp\/v2\/pages\/2239\/revisions\/2284"}],"wp:attachment":[{"href":"https:\/\/bjrlebouquet.com\/en\/wp-json\/wp\/v2\/media?parent=2239"}],"curies":[{"name":"wp","href":"https:\/\/api.w.org\/{rel}","templated":true}]}}