{"id":2234,"date":"2017-09-26T11:25:20","date_gmt":"2017-09-26T11:25:20","guid":{"rendered":"http:\/\/bjrlebouquet.com\/leistungen\/"},"modified":"2018-01-16T14:06:58","modified_gmt":"2018-01-16T14:06:58","slug":"services","status":"publish","type":"page","link":"https:\/\/bjrlebouquet.com\/en\/services\/","title":{"rendered":"Services"},"content":{"rendered":"<p>[vc_row][vc_column][vc_column_text]<\/p>\n<p class=\"p1\"><span style=\"color: #000000;\"><img class=\" wp-image-1656 alignleft\" alt=\"Kachel Marketing BJR Le Bouquet Leistungen\" width=\"160\" height=\"160\" \/>Steigere die Bekanntheit, Sichtbarkeit und Wiedererkennung deiner Marke und Produkte im handumdrehen. Profitiere von meiner Reichweite und Expertise und platziere dein Produkt beim potentiellen Kunden.<\/span><\/p>\n<p>&nbsp;<\/p>\n<p>&nbsp;<\/p>\n<p class=\"p1\"><span style=\"color: #000000;\"><img class=\" wp-image-1685 alignleft\" alt=\"Kachel Winzer BJR Le Bouquet Leistungen\" width=\"160\" height=\"160\" \/>Du bist Winzer mit Leib und Seele. Deine Weine haben einen eigenen Charakter und unterscheiden sich von den vielen anderen. Pr\u00e4sentiere deine Weine \u00fcber meine Kan\u00e4le der ganzen Welt und steigere die Bekanntheit von Marke und Produkt nachhaltig.<\/span><\/p>\n<p>&nbsp;<\/p>\n<p>&nbsp;<\/p>\n<p class=\"p1\"><span style=\"color: #000000;\"><img class=\" wp-image-1657 alignleft\" alt=\"Kachel Restaurants BJR Le Bouquet Leistungen\" width=\"160\" height=\"160\" \/>Egal ob alt eingesessenes Restaurant oder geplanter Place-to-be \u2013 mache deinen Ort des Genusses bekannter und locke neue Kunden an die Teller. Und mithilfe meiner Kan\u00e4le im social Web erreichst du genau die Richtigen!<\/span><\/p>\n<p>&nbsp;<\/p>\n<p>&nbsp;<\/p>\n<p class=\"p1\"><span style=\"color: #000000;\"><img class=\" wp-image-1655 alignleft\" alt=\"Kachel Events BJR Le Bouquet Leistungen\" width=\"160\" height=\"160\" \/>Ob im kleinen Kreis mit Freunden, mit Kunden im gro\u00dfen Stil, ob zuhause oder in einer besonderen Location \u2013 probiere spannende Weine und erlebe eine ganz indivduelle Reise durch die Welt der Weine nach deinem\/eurem Geschmack.<\/span><\/p>\n<p>&nbsp;<\/p>\n<p>&nbsp;<\/p>\n<p class=\"p1\"><span style=\"color: #000000;\"><img class=\" wp-image-1658 alignleft\" alt=\"Kachel Weintastings BJR Le Bouquet Leistungen\" width=\"160\" height=\"160\" \/>Deinem kulinarischen Event fehlt noch ein Zugpferd, Gesicht und Moderator? Mit BJR Le Bouquet als Marke und meinen langj\u00e4hrigen Event-Erfahrungen wird dein Event zum Selbstl\u00e4ufer.<\/span><\/p>\n<p>&nbsp;<\/p>\n<p>&nbsp;<\/p>\n<p class=\"p1\"><span style=\"color: #000000;\"><img loading=\"lazy\" decoding=\"async\" class=\" wp-image-1651 alignleft\" src=\"http:\/\/bjrlebouquet.com\/wp-content\/uploads\/2017\/09\/Kachel-Leistungen-Weinreise.jpg\" alt=\"Kachel Leistungen Weinreise\" width=\"160\" height=\"160\" srcset=\"https:\/\/bjrlebouquet.com\/wp-content\/uploads\/2017\/09\/Kachel-Leistungen-Weinreise.jpg 300w, https:\/\/bjrlebouquet.com\/wp-content\/uploads\/2017\/09\/Kachel-Leistungen-Weinreise-150x150.jpg 150w\" sizes=\"auto, (max-width: 160px) 100vw, 160px\" \/>Wo versteht man Wein am besten? Dort wo alles beginnt. Und das ist nicht beim H\u00e4ndler, sondern im Weinberg. Sammle deine Freunde ein, reise mit mir in ein Weinanbaugebiet und blicke hinter die Kulissen.<\/span><\/p>\n<p>[\/vc_column_text][vc_separator][\/vc_column][\/vc_row][vc_row][vc_column width=&#8221;1\/6&#8243;][vc_separator][\/vc_column][vc_column width=&#8221;2\/3&#8243;][vc_column_text]<\/p>\n<div class=\"elementor-element elementor-element-zrjzuga elementor-widget elementor-widget-divider\" data-id=\"zrjzuga\" data-element_type=\"divider.default\">\n<div class=\"elementor-widget-container\">\n<h1 style=\"padding-left: 30px;\"><span style=\"color: #000000;\">Du m\u00f6chtest jetzt starten?<\/span><span style=\"color: #000000; font-family: 'Open Sans', Arial, sans-serif; font-size: 25px; font-weight: bold; letter-spacing: -0.01em;\">\u00a0<\/span><\/h1>\n<div><\/div>\n<\/div>\n<\/div>\n<div class=\"elementor-element elementor-element-y4i5lns elementor-widget elementor-widget-text-editor\" data-id=\"y4i5lns\" data-element_type=\"text-editor.default\">\n<div class=\"elementor-widget-container\">\n<div class=\"elementor-text-editor elementor-clearfix\">\n<p style=\"padding-left: 30px;\"><span style=\"color: #000000;\">Dein Projekt soll schnell wachsen und\u00a0<strong>an Bekanntheit gewinnen<\/strong>?<\/span><br \/>\n<span style=\"color: #000000;\">Du m\u00f6chtest einen kulinarischen Abend mit deinen\u00a0<strong>Freunden<\/strong>\u00a0haben?<\/span><br \/>\n<span style=\"color: #000000;\">Du hast ein\u00a0<strong>Restaurant<\/strong>\u00a0und m\u00f6chtest ein Wein-Event veranstalten? Oder dein Restaurant bekannter machen?<\/span><br \/>\n<span style=\"color: #000000;\">Du bist\u00a0<strong>Winzer<\/strong>\u00a0und m\u00f6chtest deine Weine bei einer Verkostung pr\u00e4sentieren oder erreichen, dass sich mehr Leute an deine Weine erinnern?<\/span><br \/>\n<span style=\"color: #000000;\">Du wolltest schon immer einmal\u00a0<strong>in die Champagne<\/strong>\u00a0reisen und vor Ort Wein mit Bubbles probieren?<\/span><\/p>\n<p style=\"padding-left: 30px;\"><span style=\"color: #000000;\"><strong>Dann bist du hier richtig.\u00a0<\/strong><\/span><br \/>\n<span style=\"color: #000000;\">Von der Konzeption \u00fcber die Planung bis hin zur Durchf\u00fchrung bekommt ihr den\u00a0<strong>vollen Service<\/strong>\u00a0und m\u00fcsst euch um\u00a0<strong>nichts k\u00fcmmern<\/strong>.<\/span><\/p>\n<p style=\"padding-left: 30px;\"><span style=\"color: #000000;\">F\u00fcr dein individuelles Angebot\u00a0<strong><a style=\"color: #000000;\" href=\"mailto:info@bjrlebouquet.com\">sende mir eine Mail<\/a><\/strong>\u00a0und wir planen gemeinsam eine unvergessliche Zeit!<\/span><\/p>\n<\/div>\n<\/div>\n<\/div>\n<p>[\/vc_column_text][\/vc_column][vc_column width=&#8221;1\/6&#8243;][\/vc_column][\/vc_row][vc_row][vc_column][vc_separator][vc_raw_html]JTNDJTIxLS0lMjBCZWdpbiUyME1haWxDaGltcCUyMFNpZ251cCUyMEZvcm0lMjAtLSUzRSUwQSUzQ2xpbmslMjBocmVmJTNEJTIyJTJGJTJGY2RuLWltYWdlcy5tYWlsY2hpbXAuY29tJTJGZW1iZWRjb2RlJTJGY2xhc3NpYy0xMF83LmNzcyUyMiUyMHJlbCUzRCUyMnN0eWxlc2hlZXQlMjIlMjB0eXBlJTNEJTIydGV4dCUyRmNzcyUyMiUzRSUwQSUzQ3N0eWxlJTIwdHlwZSUzRCUyMnRleHQlMkZjc3MlMjIlM0UlMEElMDklMjNtY19lbWJlZF9zaWdudXAlN0JiYWNrZ3JvdW5kJTNBJTIzZmZmJTNCJTIwY2xlYXIlM0FsZWZ0JTNCJTIwZm9udCUzQTE0cHglMjBIZWx2ZXRpY2ElMkNBcmlhbCUyQ3NhbnMtc2VyaWYlM0IlMjAlN0QlMEElMDklMkYlMkElMjBBZGQlMjB5b3VyJTIwb3duJTIwTWFpbENoaW1wJTIwZm9ybSUyMHN0eWxlJTIwb3ZlcnJpZGVzJTIwaW4lMjB5b3VyJTIwc2l0ZSUyMHN0eWxlc2hlZXQlMjBvciUyMGluJTIwdGhpcyUyMHN0eWxlJTIwYmxvY2suJTBBJTA5JTIwJTIwJTIwV2UlMjByZWNvbW1lbmQlMjBtb3ZpbmclMjB0aGlzJTIwYmxvY2slMjBhbmQlMjB0aGUlMjBwcmVjZWRpbmclMjBDU1MlMjBsaW5rJTIwdG8lMjB0aGUlMjBIRUFEJTIwb2YlMjB5b3VyJTIwSFRNTCUyMGZpbGUuJTIwJTJBJTJGJTBBJTNDJTJGc3R5bGUlM0UlMEElM0NkaXYlMjBpZCUzRCUyMm1jX2VtYmVkX3NpZ251cCUyMiUzRSUwQSUzQ2Zvcm0lMjBhY3Rpb24lM0QlMjJodHRwcyUzQSUyRiUyRmJqcmxlYm91cXVldC51czE2Lmxpc3QtbWFuYWdlLmNvbSUyRnN1YnNjcmliZSUyRnBvc3QlM0Z1JTNEOTAzYjExNWUyNTUyNWYxNzk4NjQwNTU0MCUyNmFtcCUzQmlkJTNEYzYzNTYxYWI2OSUyMiUyMG1ldGhvZCUzRCUyMnBvc3QlMjIlMjBpZCUzRCUyMm1jLWVtYmVkZGVkLXN1YnNjcmliZS1mb3JtJTIyJTIwbmFtZSUzRCUyMm1jLWVtYmVkZGVkLXN1YnNjcmliZS1mb3JtJTIyJTIwY2xhc3MlM0QlMjJ2YWxpZGF0ZSUyMiUyMHRhcmdldCUzRCUyMl9ibGFuayUyMiUyMG5vdmFsaWRhdGUlM0UlMEElMjAlMjAlMjAlMjAlM0NkaXYlMjBpZCUzRCUyMm1jX2VtYmVkX3NpZ251cF9zY3JvbGwlMjIlM0UlMEElMDklM0NoMiUzRUpldHp0JTIwZiVDMyVCQ3IlMjBkZW4lMjBrb3N0ZW5mcmVpZW4lMjBCSlIlMjBMZSUyMEJvdXF1ZXQlMjBOZXdzbGV0dGVyJTIwYW5tZWxkZW4lM0MlMkZoMiUzRSUwQSUzQ2RpdiUyMGNsYXNzJTNEJTIyaW5kaWNhdGVzLXJlcXVpcmVkJTIyJTNFJTNDc3BhbiUyMGNsYXNzJTNEJTIyYXN0ZXJpc2slMjIlM0UlMkElM0MlMkZzcGFuJTNFJTIwQW5nYWJlJTIwZXJmb3JkZXJsaWNoJTNDJTJGZGl2JTNFJTBBJTNDZGl2JTIwY2xhc3MlM0QlMjJtYy1maWVsZC1ncm91cCUyMiUzRSUwQSUwOSUzQ2xhYmVsJTIwZm9yJTNEJTIybWNlLUVNQUlMJTIyJTNFRW1haWwlMjBBZHJlc3NlJTIwJTIwJTNDc3BhbiUyMGNsYXNzJTNEJTIyYXN0ZXJpc2slMjIlM0UlMkElM0MlMkZzcGFuJTNFJTBBJTNDJTJGbGFiZWwlM0UlMEElMDklM0NpbnB1dCUyMHR5cGUlM0QlMjJlbWFpbCUyMiUyMHZhbHVlJTNEJTIyJTIyJTIwbmFtZSUzRCUyMkVNQUlMJTIyJTIwY2xhc3MlM0QlMjJyZXF1aXJlZCUyMGVtYWlsJTIyJTIwaWQlM0QlMjJtY2UtRU1BSUwlMjIlM0UlMEElM0MlMkZkaXYlM0UlMEElM0NkaXYlMjBjbGFzcyUzRCUyMm1jLWZpZWxkLWdyb3VwJTIyJTNFJTBBJTA5JTNDbGFiZWwlMjBmb3IlM0QlMjJtY2UtRk5BTUUlMjIlM0VWb3JuYW1lJTIwJTNDJTJGbGFiZWwlM0UlMEElMDklM0NpbnB1dCUyMHR5cGUlM0QlMjJ0ZXh0JTIyJTIwdmFsdWUlM0QlMjIlMjIlMjBuYW1lJTNEJTIyRk5BTUUlMjIlMjBjbGFzcyUzRCUyMiUyMiUyMGlkJTNEJTIybWNlLUZOQU1FJTIyJTNFJTBBJTNDJTJGZGl2JTNFJTBBJTNDZGl2JTIwY2xhc3MlM0QlMjJtYy1maWVsZC1ncm91cCUyMiUzRSUwQSUwOSUzQ2xhYmVsJTIwZm9yJTNEJTIybWNlLUxOQU1FJTIyJTNFTmFjaG5hbWUlMjAlM0MlMkZsYWJlbCUzRSUwQSUwOSUzQ2lucHV0JTIwdHlwZSUzRCUyMnRleHQlMjIlMjB2YWx1ZSUzRCUyMiUyMiUyMG5hbWUlM0QlMjJMTkFNRSUyMiUyMGNsYXNzJTNEJTIyJTIyJTIwaWQlM0QlMjJtY2UtTE5BTUUlMjIlM0UlMEElM0MlMkZkaXYlM0UlMEElMDklM0NkaXYlMjBpZCUzRCUyMm1jZS1yZXNwb25zZXMlMjIlMjBjbGFzcyUzRCUyMmNsZWFyJTIyJTNFJTBBJTA5JTA5JTNDZGl2JTIwY2xhc3MlM0QlMjJyZXNwb25zZSUyMiUyMGlkJTNEJTIybWNlLWVycm9yLXJlc3BvbnNlJTIyJTIwc3R5bGUlM0QlMjJkaXNwbGF5JTNBbm9uZSUyMiUzRSUzQyUyRmRpdiUzRSUwQSUwOSUwOSUzQ2RpdiUyMGNsYXNzJTNEJTIycmVzcG9uc2UlMjIlMjBpZCUzRCUyMm1jZS1zdWNjZXNzLXJlc3BvbnNlJTIyJTIwc3R5bGUlM0QlMjJkaXNwbGF5JTNBbm9uZSUyMiUzRSUzQyUyRmRpdiUzRSUwQSUwOSUzQyUyRmRpdiUzRSUyMCUyMCUyMCUyMCUzQyUyMS0tJTIwcmVhbCUyMHBlb3BsZSUyMHNob3VsZCUyMG5vdCUyMGZpbGwlMjB0aGlzJTIwaW4lMjBhbmQlMjBleHBlY3QlMjBnb29kJTIwdGhpbmdzJTIwLSUyMGRvJTIwbm90JTIwcmVtb3ZlJTIwdGhpcyUyMG9yJTIwcmlzayUyMGZvcm0lMjBib3QlMjBzaWdudXBzLS0lM0UlMEElMjAlMjAlMjAlMjAlM0NkaXYlMjBzdHlsZSUzRCUyMnBvc2l0aW9uJTNBJTIwYWJzb2x1dGUlM0IlMjBsZWZ0JTNBJTIwLTUwMDBweCUzQiUyMiUyMGFyaWEtaGlkZGVuJTNEJTIydHJ1ZSUyMiUzRSUzQ2lucHV0JTIwdHlwZSUzRCUyMnRleHQlMjIlMjBuYW1lJTNEJTIyYl85MDNiMTE1ZTI1NTI1ZjE3OTg2NDA1NTQwX2M2MzU2MWFiNjklMjIlMjB0YWJpbmRleCUzRCUyMi0xJTIyJTIwdmFsdWUlM0QlMjIlMjIlM0UlM0MlMkZkaXYlM0UlMEElMjAlMjAlMjAlMjAlM0NkaXYlMjBjbGFzcyUzRCUyMmNsZWFyJTIyJTNFJTNDaW5wdXQlMjB0eXBlJTNEJTIyc3VibWl0JTIyJTIwdmFsdWUlM0QlMjJFaW50cmFnZW4lMjElMjIlMjBuYW1lJTNEJTIyc3Vic2NyaWJlJTIyJTIwaWQlM0QlMjJtYy1lbWJlZGRlZC1zdWJzY3JpYmUlMjIlMjBjbGFzcyUzRCUyMmJ1dHRvbiUyMiUzRSUzQyUyRmRpdiUzRSUwQSUyMCUyMCUyMCUyMCUzQyUyRmRpdiUzRSUwQSUzQyUyRmZvcm0lM0UlMEElM0MlMkZkaXYlM0UlMEElM0NzY3JpcHQlMjB0eXBlJTNEJTI3dGV4dCUyRmphdmFzY3JpcHQlMjclMjBzcmMlM0QlMjclMkYlMkZzMy5hbWF6b25hd3MuY29tJTJGZG93bmxvYWRzLm1haWxjaGltcC5jb20lMkZqcyUyRm1jLXZhbGlkYXRlLmpzJTI3JTNFJTNDJTJGc2NyaXB0JTNFJTNDc2NyaXB0JTIwdHlwZSUzRCUyN3RleHQlMkZqYXZhc2NyaXB0JTI3JTNFJTI4ZnVuY3Rpb24lMjglMjQlMjklMjAlN0J3aW5kb3cuZm5hbWVzJTIwJTNEJTIwbmV3JTIwQXJyYXklMjglMjklM0IlMjB3aW5kb3cuZnR5cGVzJTIwJTNEJTIwbmV3JTIwQXJyYXklMjglMjklM0JmbmFtZXMlNUIwJTVEJTNEJTI3RU1BSUwlMjclM0JmdHlwZXMlNUIwJTVEJTNEJTI3ZW1haWwlMjclM0JmbmFtZXMlNUIxJTVEJTNEJTI3Rk5BTUUlMjclM0JmdHlwZXMlNUIxJTVEJTNEJTI3dGV4dCUyNyUzQmZuYW1lcyU1QjIlNUQlM0QlMjdMTkFNRSUyNyUzQmZ0eXBlcyU1QjIlNUQlM0QlMjd0ZXh0JTI3JTNCZm5hbWVzJTVCMyU1RCUzRCUyN01NRVJHRTMlMjclM0JmdHlwZXMlNUIzJTVEJTNEJTI3dGV4dCUyNyUzQiU3RCUyOGpRdWVyeSUyOSUyOSUzQnZhciUyMCUyNG1jaiUyMCUzRCUyMGpRdWVyeS5ub0NvbmZsaWN0JTI4dHJ1ZSUyOSUzQiUzQyUyRnNjcmlwdCUzRSUwQSUzQyUyMS0tRW5kJTIwbWNfZW1iZWRfc2lnbnVwLS0lM0U=[\/vc_raw_html][\/vc_column][\/vc_row][vc_row][vc_column][\/vc_column][\/vc_row]<\/p>\n","protected":false},"excerpt":{"rendered":"<p>[vc_row][vc_column][vc_column_text] Steigere die Bekanntheit, Sichtbarkeit und Wiedererkennung deiner Marke und Produkte im handumdrehen. Profitiere von meiner Reichweite und Expertise und platziere dein Produkt beim potentiellen Kunden. &nbsp; &nbsp; Du bist Winzer mit Leib und Seele. Deine Weine haben einen eigenen Charakter und unterscheiden sich von den vielen anderen. Pr\u00e4sentiere deine Weine \u00fcber meine Kan\u00e4le der <\/p>\n","protected":false},"author":1,"featured_media":0,"parent":0,"menu_order":0,"comment_status":"closed","ping_status":"closed","template":"page-blocks.php","meta":{"footnotes":""},"class_list":["post-2234","page","type-page","status-publish"],"yoast_head":"<!-- This site is optimized with the Yoast SEO Premium plugin v16.6 (Yoast SEO v24.9) - https:\/\/yoast.com\/wordpress\/plugins\/seo\/ -->\n<title>Services by BJR Le Bouquet<\/title>\n<meta name=\"robots\" content=\"index, follow, max-snippet:-1, max-image-preview:large, max-video-preview:-1\" \/>\n<link rel=\"canonical\" href=\"https:\/\/bjrlebouquet.com\/en\/services\/\" \/>\n<meta property=\"og:locale\" content=\"en_US\" \/>\n<meta property=\"og:type\" content=\"article\" \/>\n<meta property=\"og:title\" content=\"Services\" \/>\n<meta property=\"og:description\" content=\"[vc_row][vc_column][vc_column_text] Steigere die Bekanntheit, Sichtbarkeit und Wiedererkennung deiner Marke und Produkte im handumdrehen. Profitiere von meiner Reichweite und Expertise und platziere dein Produkt beim potentiellen Kunden. &nbsp; &nbsp; Du bist Winzer mit Leib und Seele. Deine Weine haben einen eigenen Charakter und unterscheiden sich von den vielen anderen. Pr\u00e4sentiere deine Weine \u00fcber meine Kan\u00e4le der\" \/>\n<meta property=\"og:url\" content=\"https:\/\/bjrlebouquet.com\/en\/services\/\" \/>\n<meta property=\"og:site_name\" content=\"BJR Le Bouquet\" \/>\n<meta property=\"article:publisher\" content=\"https:\/\/www.facebook.com\/bjrlebouquet\" \/>\n<meta property=\"article:modified_time\" content=\"2018-01-16T14:06:58+00:00\" \/>\n<meta property=\"og:image\" content=\"http:\/\/bjrlebouquet.com\/wp-content\/uploads\/2017\/09\/Kachel-Leistungen-Weinreise.jpg\" \/>\n<meta name=\"twitter:card\" content=\"summary_large_image\" \/>\n<meta name=\"twitter:site\" content=\"@BjrLeBouquet\" \/>\n<meta name=\"twitter:label1\" content=\"Est. reading time\" \/>\n\t<meta name=\"twitter:data1\" content=\"4 minutes\" \/>\n<script type=\"application\/ld+json\" class=\"yoast-schema-graph\">{\"@context\":\"https:\/\/schema.org\",\"@graph\":[{\"@type\":\"WebPage\",\"@id\":\"https:\/\/bjrlebouquet.com\/en\/services\/\",\"url\":\"https:\/\/bjrlebouquet.com\/en\/services\/\",\"name\":\"Services by BJR Le Bouquet\",\"isPartOf\":{\"@id\":\"https:\/\/bjrlebouquet.com\/#website\"},\"primaryImageOfPage\":{\"@id\":\"https:\/\/bjrlebouquet.com\/en\/services\/#primaryimage\"},\"image\":{\"@id\":\"https:\/\/bjrlebouquet.com\/en\/services\/#primaryimage\"},\"thumbnailUrl\":\"http:\/\/bjrlebouquet.com\/wp-content\/uploads\/2017\/09\/Kachel-Leistungen-Weinreise.jpg\",\"datePublished\":\"2017-09-26T11:25:20+00:00\",\"dateModified\":\"2018-01-16T14:06:58+00:00\",\"breadcrumb\":{\"@id\":\"https:\/\/bjrlebouquet.com\/en\/services\/#breadcrumb\"},\"inLanguage\":\"en-US\",\"potentialAction\":[{\"@type\":\"ReadAction\",\"target\":[\"https:\/\/bjrlebouquet.com\/en\/services\/\"]}]},{\"@type\":\"ImageObject\",\"inLanguage\":\"en-US\",\"@id\":\"https:\/\/bjrlebouquet.com\/en\/services\/#primaryimage\",\"url\":\"http:\/\/bjrlebouquet.com\/wp-content\/uploads\/2017\/09\/Kachel-Leistungen-Weinreise.jpg\",\"contentUrl\":\"http:\/\/bjrlebouquet.com\/wp-content\/uploads\/2017\/09\/Kachel-Leistungen-Weinreise.jpg\"},{\"@type\":\"BreadcrumbList\",\"@id\":\"https:\/\/bjrlebouquet.com\/en\/services\/#breadcrumb\",\"itemListElement\":[{\"@type\":\"ListItem\",\"position\":1,\"name\":\"Home\",\"item\":\"https:\/\/bjrlebouquet.com\/en\/\"},{\"@type\":\"ListItem\",\"position\":2,\"name\":\"Services\"}]},{\"@type\":\"WebSite\",\"@id\":\"https:\/\/bjrlebouquet.com\/#website\",\"url\":\"https:\/\/bjrlebouquet.com\/\",\"name\":\"BJR Le Bouquet\",\"description\":\"by Bj\u00f6rn Bittner\",\"publisher\":{\"@id\":\"https:\/\/bjrlebouquet.com\/#\/schema\/person\/04d0fe08a23624987b81e4628bf42d07\"},\"potentialAction\":[{\"@type\":\"SearchAction\",\"target\":{\"@type\":\"EntryPoint\",\"urlTemplate\":\"https:\/\/bjrlebouquet.com\/?s={search_term_string}\"},\"query-input\":{\"@type\":\"PropertyValueSpecification\",\"valueRequired\":true,\"valueName\":\"search_term_string\"}}],\"inLanguage\":\"en-US\"},{\"@type\":[\"Person\",\"Organization\"],\"@id\":\"https:\/\/bjrlebouquet.com\/#\/schema\/person\/04d0fe08a23624987b81e4628bf42d07\",\"name\":\"BJRLeBouquet\",\"image\":{\"@type\":\"ImageObject\",\"inLanguage\":\"en-US\",\"@id\":\"https:\/\/bjrlebouquet.com\/#\/schema\/person\/image\/\",\"url\":\"https:\/\/bjrlebouquet.com\/wp-content\/uploads\/2019\/11\/BJR_LOGO_MIT_KREIS-Beschnitt.png\",\"contentUrl\":\"https:\/\/bjrlebouquet.com\/wp-content\/uploads\/2019\/11\/BJR_LOGO_MIT_KREIS-Beschnitt.png\",\"width\":1990,\"height\":1990,\"caption\":\"BJRLeBouquet\"},\"logo\":{\"@id\":\"https:\/\/bjrlebouquet.com\/#\/schema\/person\/image\/\"},\"description\":\"Bj\u00f6rn Bittner ist der Gr\u00fcnder von BJR Le Bouquet. Im Magazin besch\u00e4ftigt er sich mit den Themen Premium-Kulinarik, Luxus und Lifestyle. Bon Vivant!\",\"sameAs\":[\"https:\/\/www.bjrlebouquet.com\",\"https:\/\/www.facebook.com\/bjrlebouquet\",\"https:\/\/www.instagram.com\/bjrlebouquet\",\"https:\/\/www.youtube.com\/user\/bjrlebouquet\"]}]}<\/script>\n<!-- \/ Yoast SEO Premium plugin. -->","yoast_head_json":{"title":"Services by BJR Le Bouquet","robots":{"index":"index","follow":"follow","max-snippet":"max-snippet:-1","max-image-preview":"max-image-preview:large","max-video-preview":"max-video-preview:-1"},"canonical":"https:\/\/bjrlebouquet.com\/en\/services\/","og_locale":"en_US","og_type":"article","og_title":"Services","og_description":"[vc_row][vc_column][vc_column_text] Steigere die Bekanntheit, Sichtbarkeit und Wiedererkennung deiner Marke und Produkte im handumdrehen. Profitiere von meiner Reichweite und Expertise und platziere dein Produkt beim potentiellen Kunden. &nbsp; &nbsp; Du bist Winzer mit Leib und Seele. Deine Weine haben einen eigenen Charakter und unterscheiden sich von den vielen anderen. Pr\u00e4sentiere deine Weine \u00fcber meine Kan\u00e4le der","og_url":"https:\/\/bjrlebouquet.com\/en\/services\/","og_site_name":"BJR Le Bouquet","article_publisher":"https:\/\/www.facebook.com\/bjrlebouquet","article_modified_time":"2018-01-16T14:06:58+00:00","og_image":[{"url":"http:\/\/bjrlebouquet.com\/wp-content\/uploads\/2017\/09\/Kachel-Leistungen-Weinreise.jpg","type":"","width":"","height":""}],"twitter_card":"summary_large_image","twitter_site":"@BjrLeBouquet","twitter_misc":{"Est. reading time":"4 minutes"},"schema":{"@context":"https:\/\/schema.org","@graph":[{"@type":"WebPage","@id":"https:\/\/bjrlebouquet.com\/en\/services\/","url":"https:\/\/bjrlebouquet.com\/en\/services\/","name":"Services by BJR Le Bouquet","isPartOf":{"@id":"https:\/\/bjrlebouquet.com\/#website"},"primaryImageOfPage":{"@id":"https:\/\/bjrlebouquet.com\/en\/services\/#primaryimage"},"image":{"@id":"https:\/\/bjrlebouquet.com\/en\/services\/#primaryimage"},"thumbnailUrl":"http:\/\/bjrlebouquet.com\/wp-content\/uploads\/2017\/09\/Kachel-Leistungen-Weinreise.jpg","datePublished":"2017-09-26T11:25:20+00:00","dateModified":"2018-01-16T14:06:58+00:00","breadcrumb":{"@id":"https:\/\/bjrlebouquet.com\/en\/services\/#breadcrumb"},"inLanguage":"en-US","potentialAction":[{"@type":"ReadAction","target":["https:\/\/bjrlebouquet.com\/en\/services\/"]}]},{"@type":"ImageObject","inLanguage":"en-US","@id":"https:\/\/bjrlebouquet.com\/en\/services\/#primaryimage","url":"http:\/\/bjrlebouquet.com\/wp-content\/uploads\/2017\/09\/Kachel-Leistungen-Weinreise.jpg","contentUrl":"http:\/\/bjrlebouquet.com\/wp-content\/uploads\/2017\/09\/Kachel-Leistungen-Weinreise.jpg"},{"@type":"BreadcrumbList","@id":"https:\/\/bjrlebouquet.com\/en\/services\/#breadcrumb","itemListElement":[{"@type":"ListItem","position":1,"name":"Home","item":"https:\/\/bjrlebouquet.com\/en\/"},{"@type":"ListItem","position":2,"name":"Services"}]},{"@type":"WebSite","@id":"https:\/\/bjrlebouquet.com\/#website","url":"https:\/\/bjrlebouquet.com\/","name":"BJR Le Bouquet","description":"by Bj\u00f6rn Bittner","publisher":{"@id":"https:\/\/bjrlebouquet.com\/#\/schema\/person\/04d0fe08a23624987b81e4628bf42d07"},"potentialAction":[{"@type":"SearchAction","target":{"@type":"EntryPoint","urlTemplate":"https:\/\/bjrlebouquet.com\/?s={search_term_string}"},"query-input":{"@type":"PropertyValueSpecification","valueRequired":true,"valueName":"search_term_string"}}],"inLanguage":"en-US"},{"@type":["Person","Organization"],"@id":"https:\/\/bjrlebouquet.com\/#\/schema\/person\/04d0fe08a23624987b81e4628bf42d07","name":"BJRLeBouquet","image":{"@type":"ImageObject","inLanguage":"en-US","@id":"https:\/\/bjrlebouquet.com\/#\/schema\/person\/image\/","url":"https:\/\/bjrlebouquet.com\/wp-content\/uploads\/2019\/11\/BJR_LOGO_MIT_KREIS-Beschnitt.png","contentUrl":"https:\/\/bjrlebouquet.com\/wp-content\/uploads\/2019\/11\/BJR_LOGO_MIT_KREIS-Beschnitt.png","width":1990,"height":1990,"caption":"BJRLeBouquet"},"logo":{"@id":"https:\/\/bjrlebouquet.com\/#\/schema\/person\/image\/"},"description":"Bj\u00f6rn Bittner ist der Gr\u00fcnder von BJR Le Bouquet. Im Magazin besch\u00e4ftigt er sich mit den Themen Premium-Kulinarik, Luxus und Lifestyle. Bon Vivant!","sameAs":["https:\/\/www.bjrlebouquet.com","https:\/\/www.facebook.com\/bjrlebouquet","https:\/\/www.instagram.com\/bjrlebouquet","https:\/\/www.youtube.com\/user\/bjrlebouquet"]}]}},"_links":{"self":[{"href":"https:\/\/bjrlebouquet.com\/en\/wp-json\/wp\/v2\/pages\/2234","targetHints":{"allow":["GET"]}}],"collection":[{"href":"https:\/\/bjrlebouquet.com\/en\/wp-json\/wp\/v2\/pages"}],"about":[{"href":"https:\/\/bjrlebouquet.com\/en\/wp-json\/wp\/v2\/types\/page"}],"author":[{"embeddable":true,"href":"https:\/\/bjrlebouquet.com\/en\/wp-json\/wp\/v2\/users\/1"}],"replies":[{"embeddable":true,"href":"https:\/\/bjrlebouquet.com\/en\/wp-json\/wp\/v2\/comments?post=2234"}],"version-history":[{"count":2,"href":"https:\/\/bjrlebouquet.com\/en\/wp-json\/wp\/v2\/pages\/2234\/revisions"}],"predecessor-version":[{"id":2242,"href":"https:\/\/bjrlebouquet.com\/en\/wp-json\/wp\/v2\/pages\/2234\/revisions\/2242"}],"wp:attachment":[{"href":"https:\/\/bjrlebouquet.com\/en\/wp-json\/wp\/v2\/media?parent=2234"}],"curies":[{"name":"wp","href":"https:\/\/api.w.org\/{rel}","templated":true}]}}